{"id":56,"date":"2013-09-16T08:19:35","date_gmt":"2013-09-16T06:19:35","guid":{"rendered":"http:\/\/www.verdi-tu.de\/wordpress\/?page_id=56"},"modified":"2026-02-18T19:47:59","modified_gmt":"2026-02-18T17:47:59","slug":"betriebsgruppe","status":"publish","type":"page","link":"https:\/\/www.verdi-tu.de\/wordpress\/betriebsgruppe\/","title":{"rendered":"\ud83c\udfeb Betriebsgruppe"},"content":{"rendered":"<h2>Was ist eine Betriebsgruppe?<\/h2>\n<p>Die ver.di-Betriebsgruppe (BG) an der TU Berlin ist der Zusammenschluss aller ver.di-Mitglieder an unserer\u00a0Universit\u00e4t, die sich gemeinsam f\u00fcr gute Arbeitsbedingungen, Mitbestimmung und soziale Gerechtigkeit einsetzen. Wir unterst\u00fctzen Kolleg*innen in allen Statusgruppen, machen Missst\u00e4nde sichtbar und bringen gewerkschaftliche Positionen in Gremien, Tarifauseinandersetzungen und den Hochschalltag ein. Gemeinsam wollen wir die TU Berlin als demokratischen, solidarischen und fairen Arbeits- und Studienort gestalten \u2013 offen f\u00fcr alle, die sich einmischen und etwas ver\u00e4ndern wollen<\/p>\n<p style=\"text-align: right;\"><em>Wir verwenden auf unseren Seiten das gewerkschaftliche \u201eDu\u201c. <\/em><br \/>\n<em>Falls Sie uns per \u201eSie\u201c ansprechen, werden wir Ihren Wunsch nat\u00fcrlich respektieren.<\/em><\/p>\n<h2><strong>\ud83d\udc65<\/strong> Treffen<\/h2>\n<p>BG-Treffen: Wir treffen uns in der Regel monatlich montags und donnerstags im Wechsel. Einmal viertelj\u00e4hrlich finden die Treffen online statt, sonst in Pr\u00e4senz. In den Treffen der BG soll immer ein besonderes Thema durch einen kurzen Vortrag behandelt werden und aktuelle Themen angesprochen werden. Die Sitzungen sollen nicht viel l\u00e4nger als eine Stunde dauern.<\/p>\n<p>Zu den BG-Treffen laden wir euch per Mailverteiler ein.<\/p>\n<h2>\ud83d\udce5 Mailverteiler<\/h2>\n<p>Wichtige Infos und Einladungen geben wir \u00fcber den Mailverteiler der ver.di-Betriebsgruppe der TU Berlin weiter. Wenn du in diesen aufgenommen werden m\u00f6chtest, schicke bitte einfach eine E-Mail mit Deinem Namen, deiner E-Mail-Adresse und Deiner ver.di-Mitgliednummer an <a href=\"mailto:carsten.drinkewitz@tu-berlin.de\">Carsten Drinkewitz<\/a> oder trage dich auf <a href=\"https:\/\/lists.tu-berlin.de\/mailman\/listinfo\/uni-verdi.mitglieder\">dieser Webseite<\/a>\u00a0in die Mailingliste ein.<\/p>\n<h2>\ud83e\udd1d Vertrauensleute<\/h2>\n<p>Vertrauensleute sind das direkte Bindeglied zwischen dir und ver.di an der TU Berlin. Sie beraten Kolleg:innen vor Ort, informieren \u00fcber aktuelle Tarifthemen und tragen Probleme aus dem Arbeitsalltag direkt in die Betriebsgruppe. Als aktive Gesichter der Gewerkschaft st\u00e4rken sie unsere gemeinsame Durchsetzungskraft direkt am Institut oder in der Abteilung.<\/p>\n<p>Hier findest du eine <a href=\"https:\/\/www.verdi-tu.de\/wordpress\/betriebsgruppe\/vertrauensleute\/\">Liste unserer Vertrauensleute<\/a>.<\/p>\n<h2>\ud83d\udce2 Vorstand<\/h2>\n<p>Der Vorstand der ver.di-Betriebsgruppe an der TU Berlin (BG-Vorstand)\u2026<\/p>\n<ul>\n<li>wird von engagierten Kolleg*innen aus verschiedenen Bereichen der TU gebildet;<\/li>\n<li>b\u00fcndelt, koordiniert und vertritt die Interessen der ver.di-Mitglieder;<\/li>\n<li>organisiert die laufende Gewerkschaftsarbeit an der TU, bereitet Aktionen und Treffen vor;<\/li>\n<li>ist erste Anlaufstelle f\u00fcr Besch\u00e4ftigte, die Beratung oder Unterst\u00fctzung suchen;<\/li>\n<li>arbeitet daran, gewerkschaftliche Themen sichtbar zu machen und eine starke Stimme der Besch\u00e4ftigten in Hochschule und Tarifauseinandersetzungen zu sichern;<\/li>\n<li>trifft sich i.d.R. alle drei Wochen montags online (die Sitzungen sind gewerkschafts\u00f6ffentlich \u2014 wer teilnehmen m\u00f6chte sendet bitte eine Anfrage per Mail an: carsten.drinkewitz@tu-berlin.de).<\/li>\n<\/ul>\n<p>Hier findest du eine <a href=\"https:\/\/www.verdi-tu.de\/wordpress\/betriebsgruppe\/bg-vorstand\/\">Aufstellung der aktuellen Vorstandsmitglieder<\/a>.<\/p>\n<hr \/>\n<p style=\"text-align: left;\">Du siehst: Die Betriebsgruppe lebt vom Engagement der Kolleg:innen<\/p>\n<p>Also: <a href=\"https:\/\/www.verdi-tu.de\/wordpress\/service\/\">Mach mit!<\/a><\/p>\n","protected":false},"excerpt":{"rendered":"<p>Was ist eine Betriebsgruppe? Die ver.di-Betriebsgruppe (BG) an der TU Berlin ist der Zusammenschluss aller ver.di-Mitglieder an unserer\u00a0Universit\u00e4t, die sich&#8230;<\/p>\n","protected":false},"author":1,"featured_media":234,"parent":0,"menu_order":0,"comment_status":"closed","ping_status":"closed","template":"","meta":{"footnotes":""},"class_list":["post-56","page","type-page","status-publish","has-post-thumbnail","hentry"],"_links":{"self":[{"href":"https:\/\/www.verdi-tu.de\/wordpress\/wp-json\/wp\/v2\/pages\/56","targetHints":{"allow":["GET"]}}],"collection":[{"href":"https:\/\/www.verdi-tu.de\/wordpress\/wp-json\/wp\/v2\/pages"}],"about":[{"href":"https:\/\/www.verdi-tu.de\/wordpress\/wp-json\/wp\/v2\/types\/page"}],"author":[{"embeddable":true,"href":"https:\/\/www.verdi-tu.de\/wordpress\/wp-json\/wp\/v2\/users\/1"}],"replies":[{"embeddable":true,"href":"https:\/\/www.verdi-tu.de\/wordpress\/wp-json\/wp\/v2\/comments?post=56"}],"version-history":[{"count":35,"href":"https:\/\/www.verdi-tu.de\/wordpress\/wp-json\/wp\/v2\/pages\/56\/revisions"}],"predecessor-version":[{"id":3200,"href":"https:\/\/www.verdi-tu.de\/wordpress\/wp-json\/wp\/v2\/pages\/56\/revisions\/3200"}],"wp:featuredmedia":[{"embeddable":true,"href":"https:\/\/www.verdi-tu.de\/wordpress\/wp-json\/wp\/v2\/media\/234"}],"wp:attachment":[{"href":"https:\/\/www.verdi-tu.de\/wordpress\/wp-json\/wp\/v2\/media?parent=56"}],"curies":[{"name":"wp","href":"https:\/\/api.w.org\/{rel}","templated":true}]}}