{"id":485,"date":"2016-07-27T09:42:39","date_gmt":"2016-07-27T07:42:39","guid":{"rendered":"http:\/\/www.verdi-tu.de\/wordpress\/?page_id=485"},"modified":"2026-03-23T17:09:22","modified_gmt":"2026-03-23T15:09:22","slug":"personalrat","status":"publish","type":"page","link":"https:\/\/www.verdi-tu.de\/wordpress\/personalvertretung\/personalrat\/","title":{"rendered":"Personalrat"},"content":{"rendered":"<ul>\n<li>Hier findet ihr die <a href=\"https:\/\/www.tu.berlin\/go40798\/\">Webseite des Personalrats<\/a> der TU Berlin<\/li>\n<li>Amtsperiode 2024-2028<\/li>\n<\/ul>\n<p>Insgesamt sind \u2013 ohne Nachr\u00fccker:innen \u2013 im Personalrat folgende Mitglieder der ver.di-Liste vertreten:<\/p>\n<table>\n<tbody>\n<tr>\n<td>Stefanie Nickel<\/td>\n<td>Nicole Kosmider<\/td>\n<td>Carsten Drinkewitz<\/td>\n<td>Jessica Bathke<\/td>\n<\/tr>\n<tr>\n<td><a href=\"https:\/\/www.verdi-tu.de\/wordpress\/wp-content\/uploads\/20200928polentz016-scaled.jpg\"><img loading=\"lazy\" decoding=\"async\" class=\"aligncenter\" src=\"https:\/\/www.verdi-tu.de\/wordpress\/wp-content\/uploads\/20200928polentz016-150x150.jpg\" alt=\"\" width=\"150\" height=\"150\" \/><\/a><\/td>\n<td><a href=\"https:\/\/www.verdi-tu.de\/wordpress\/wp-content\/uploads\/20200928polentz020-1-scaled.jpg\"><img loading=\"lazy\" decoding=\"async\" class=\"aligncenter\" src=\"https:\/\/www.verdi-tu.de\/wordpress\/wp-content\/uploads\/20200928polentz020-1-150x150.jpg\" alt=\"\" width=\"150\" height=\"150\" \/><\/a><\/td>\n<td><a href=\"https:\/\/www.verdi-tu.de\/wordpress\/wp-content\/uploads\/20200928polentz036-scaled.jpg\"><img loading=\"lazy\" decoding=\"async\" class=\"size-thumbnail wp-image-1459 aligncenter\" src=\"https:\/\/www.verdi-tu.de\/wordpress\/wp-content\/uploads\/20200928polentz036-150x150.jpg\" alt=\"\" width=\"150\" height=\"150\" \/><\/a><\/td>\n<td><a href=\"https:\/\/www.verdi-tu.de\/wordpress\/wp-content\/uploads\/20200928polentz008-scaled.jpg\"><img loading=\"lazy\" decoding=\"async\" class=\"size-thumbnail wp-image-1585 aligncenter\" src=\"https:\/\/www.verdi-tu.de\/wordpress\/wp-content\/uploads\/20200928polentz008-150x150.jpg\" alt=\"\" width=\"150\" height=\"150\" \/><\/a><\/td>\n<\/tr>\n<tr>\n<td>Martin Trinkaus<\/td>\n<td>Johanna Hembd<\/td>\n<td>Peter Jeack<\/td>\n<td>Nico Rudolph<\/td>\n<\/tr>\n<tr>\n<td><img loading=\"lazy\" decoding=\"async\" class=\"aligncenter\" src=\"https:\/\/www.verdi-tu.de\/wordpress\/wp-content\/uploads\/20200928polentz001-150x150.jpg\" alt=\"\" width=\"150\" height=\"150\" \/><\/td>\n<td><img loading=\"lazy\" decoding=\"async\" class=\"aligncenter\" src=\"https:\/\/www.verdi-tu.de\/wordpress\/wp-content\/uploads\/JH_Ver.di_-rotated-e1728650643640-150x150.jpg\" alt=\"\" width=\"150\" height=\"150\" \/><\/td>\n<td><img loading=\"lazy\" decoding=\"async\" class=\"aligncenter\" src=\"https:\/\/www.verdi-tu.de\/wordpress\/wp-content\/uploads\/20200928polentz028-150x150.jpg\" alt=\"\" width=\"150\" height=\"150\" \/><\/td>\n<td><img loading=\"lazy\" decoding=\"async\" class=\"aligncenter\" src=\"https:\/\/www.verdi-tu.de\/wordpress\/wp-content\/uploads\/P1045894-scaled-e1729666750579-150x150.jpg\" alt=\"\" width=\"150\" height=\"150\" \/><\/td>\n<\/tr>\n<tr>\n<td>Sebastian Gebhardt<\/td>\n<td>Samira Franzel<\/td>\n<td>Janka Neubauer (Beamte)<\/td>\n<td>Karin Groth (Beamte)<\/td>\n<\/tr>\n<tr>\n<td><img loading=\"lazy\" decoding=\"async\" class=\"aligncenter size-thumbnail wp-image-2850\" src=\"https:\/\/www.verdi-tu.de\/wordpress\/wp-content\/uploads\/P1045833-scaled-e1729665766515-150x150.jpg\" alt=\"\" width=\"150\" height=\"150\" \/><\/td>\n<td><img loading=\"lazy\" decoding=\"async\" class=\"aligncenter size-thumbnail wp-image-2702\" src=\"https:\/\/www.verdi-tu.de\/wordpress\/wp-content\/uploads\/Samira-Franzel-\u00a9berlin-eventfotograf.de_-scaled-e1728650728636-150x150.jpg\" alt=\"\" width=\"150\" height=\"150\" \/><\/td>\n<td><a href=\"https:\/\/www.verdi-tu.de\/wordpress\/wp-content\/uploads\/20200928polentz018-scaled.jpg\"><img loading=\"lazy\" decoding=\"async\" class=\"size-thumbnail wp-image-1589 aligncenter\" src=\"https:\/\/www.verdi-tu.de\/wordpress\/wp-content\/uploads\/20200928polentz018-150x150.jpg\" alt=\"\" width=\"150\" height=\"150\" \/><\/a><\/td>\n<td><a href=\"https:\/\/www.verdi-tu.de\/wordpress\/wp-content\/uploads\/20200928polentz025-scaled.jpg\"><img loading=\"lazy\" decoding=\"async\" class=\"size-thumbnail wp-image-1632 aligncenter\" src=\"https:\/\/www.verdi-tu.de\/wordpress\/wp-content\/uploads\/20200928polentz025-150x150.jpg\" alt=\"\" width=\"150\" height=\"150\" \/><\/a><\/td>\n<\/tr>\n<\/tbody>\n<\/table>\n<p class=\"my-2 [&amp;+p]:mt-4 [&amp;_strong:has(+br)]:inline-block [&amp;_strong:has(+br)]:pb-2\">Auf unserer ver.di-Liste f\u00fcr den Personalrat b\u00fcndeln wir unsere Kr\u00e4fte, um die Arbeitsbedingungen an der TU Berlin aktiv und solidarisch zu verbessern. Wir sind keine blo\u00dfen Beobachterinnen, sondern gestalten die Zukunft unserer Universit\u00e4t direkt mit.<\/p>\n<h2>Unsere Erfolge: Wir bewegen was!<\/h2>\n<p class=\"my-2 [&amp;+p]:mt-4 [&amp;_strong:has(+br)]:inline-block [&amp;_strong:has(+br)]:pb-2\">In den letzten Jahren haben wir bereits wichtige Meilensteine f\u00fcr euch erreicht:<\/p>\n<ul class=\"marker:text-quiet list-disc\">\n<li class=\"py-0 my-0 prose-p:pt-0 prose-p:mb-2 prose-p:my-0 [&amp;&gt;p]:pt-0 [&amp;&gt;p]:mb-2 [&amp;&gt;p]:my-0\">\n<p class=\"my-2 [&amp;+p]:mt-4 [&amp;_strong:has(+br)]:inline-block [&amp;_strong:has(+br)]:pb-2\"><strong>Flexibilit\u00e4t:<\/strong> Einf\u00fchrung der Dienstvereinbarung f\u00fcr mobiles Arbeiten.<\/p>\n<\/li>\n<li class=\"py-0 my-0 prose-p:pt-0 prose-p:mb-2 prose-p:my-0 [&amp;&gt;p]:pt-0 [&amp;&gt;p]:mb-2 [&amp;&gt;p]:my-0\">\n<p class=\"my-2 [&amp;+p]:mt-4 [&amp;_strong:has(+br)]:inline-block [&amp;_strong:has(+br)]:pb-2\"><strong>Digitalisierung:<\/strong> Mitgestaltung der Rahmen-DV IT und der Digitalisierungsstrategie (inkl. CIO\/CISO).<\/p>\n<\/li>\n<li class=\"py-0 my-0 prose-p:pt-0 prose-p:mb-2 prose-p:my-0 [&amp;&gt;p]:pt-0 [&amp;&gt;p]:mb-2 [&amp;&gt;p]:my-0\">\n<p class=\"my-2 [&amp;+p]:mt-4 [&amp;_strong:has(+br)]:inline-block [&amp;_strong:has(+br)]:pb-2\"><strong>Gerechtigkeit:<\/strong> Erfolgreiche H\u00f6hergruppierungen, besonders in den FG-Verwaltungen, sowie die Einf\u00fchrung eines professionellen Konfliktmanagements.<\/p>\n<\/li>\n<li class=\"py-0 my-0 prose-p:pt-0 prose-p:mb-2 prose-p:my-0 [&amp;&gt;p]:pt-0 [&amp;&gt;p]:mb-2 [&amp;&gt;p]:my-0\">\n<p class=\"my-2 [&amp;+p]:mt-4 [&amp;_strong:has(+br)]:inline-block [&amp;_strong:has(+br)]:pb-2\"><strong>Perspektiven:<\/strong> Sicherung der Dauerbesch\u00e4ftigung f\u00fcr PostDocs und Ausweitung der Hauptstadtzulage.<\/p>\n<\/li>\n<\/ul>\n<h2 class=\"mb-2 mt-4 [.has-inline-images_&amp;]:clear-end font-sans visRefresh2026AnswerSerif:font-editorial font-semimedium visRefresh2026Fonts:font-bold text-base first:mt-0\">Unsere Ziele: Gemeinsam f\u00fcr die Zukunft<\/h2>\n<p class=\"my-2 [&amp;+p]:mt-4 [&amp;_strong:has(+br)]:inline-block [&amp;_strong:has(+br)]:pb-2\">Wir bleiben dran und k\u00e4mpfen in der n\u00e4chsten Wahlperiode f\u00fcr:<\/p>\n<ul class=\"marker:text-quiet list-disc\">\n<li class=\"py-0 my-0 prose-p:pt-0 prose-p:mb-2 prose-p:my-0 [&amp;&gt;p]:pt-0 [&amp;&gt;p]:mb-2 [&amp;&gt;p]:my-0\">\n<p class=\"my-2 [&amp;+p]:mt-4 [&amp;_strong:has(+br)]:inline-block [&amp;_strong:has(+br)]:pb-2\"><strong>Transparenz:<\/strong> Klare Unterbringungspl\u00e4ne bei Sanierungen und Mitbestimmung bei Strukturpl\u00e4nen.<\/p>\n<\/li>\n<li class=\"py-0 my-0 prose-p:pt-0 prose-p:mb-2 prose-p:my-0 [&amp;&gt;p]:pt-0 [&amp;&gt;p]:mb-2 [&amp;&gt;p]:my-0\">\n<p class=\"my-2 [&amp;+p]:mt-4 [&amp;_strong:has(+br)]:inline-block [&amp;_strong:has(+br)]:pb-2\"><strong>Entlastung:<\/strong> Stopp von Stellenabbau, faire Aufgabenkritik und Ausbau des mobilen Arbeitens.<\/p>\n<\/li>\n<li class=\"py-0 my-0 prose-p:pt-0 prose-p:mb-2 prose-p:my-0 [&amp;&gt;p]:pt-0 [&amp;&gt;p]:mb-2 [&amp;&gt;p]:my-0\">\n<p class=\"my-2 [&amp;+p]:mt-4 [&amp;_strong:has(+br)]:inline-block [&amp;_strong:has(+br)]:pb-2\"><strong>Entwicklung:<\/strong> Systematische Weiterbildung und eine Personalentwicklung, die diesen Namen verdient.<\/p>\n<\/li>\n<li class=\"py-0 my-0 prose-p:pt-0 prose-p:mb-2 prose-p:my-0 [&amp;&gt;p]:pt-0 [&amp;&gt;p]:mb-2 [&amp;&gt;p]:my-0\">\n<p class=\"my-2 [&amp;+p]:mt-4 [&amp;_strong:has(+br)]:inline-block [&amp;_strong:has(+br)]:pb-2\"><strong>Kontrolle:<\/strong> Wir schauen der Dienststellenleitung genau auf die Finger, damit Gesetze und Tarifvertr\u00e4ge konsequent zu eurem Vorteil umgesetzt werden.<\/p>\n<\/li>\n<\/ul>\n<p class=\"my-2 [&amp;+p]:mt-4 [&amp;_strong:has(+br)]:inline-block [&amp;_strong:has(+br)]:pb-2\"><strong>Solidarisch. K\u00e4mpferisch. F\u00fcr eine moderne TU Berlin, die zu deinen Bed\u00fcrfnissen passt!<\/strong>\u270a TU Berlin geht nur gemeinsam!<\/p>\n","protected":false},"excerpt":{"rendered":"<p>Hier findet ihr die Webseite des Personalrats der TU Berlin Amtsperiode 2024-2028 Insgesamt sind \u2013 ohne Nachr\u00fccker:innen \u2013 im Personalrat&#8230;<\/p>\n","protected":false},"author":3,"featured_media":0,"parent":579,"menu_order":0,"comment_status":"closed","ping_status":"closed","template":"","meta":{"footnotes":""},"class_list":["post-485","page","type-page","status-publish","hentry"],"_links":{"self":[{"href":"https:\/\/www.verdi-tu.de\/wordpress\/wp-json\/wp\/v2\/pages\/485","targetHints":{"allow":["GET"]}}],"collection":[{"href":"https:\/\/www.verdi-tu.de\/wordpress\/wp-json\/wp\/v2\/pages"}],"about":[{"href":"https:\/\/www.verdi-tu.de\/wordpress\/wp-json\/wp\/v2\/types\/page"}],"author":[{"embeddable":true,"href":"https:\/\/www.verdi-tu.de\/wordpress\/wp-json\/wp\/v2\/users\/3"}],"replies":[{"embeddable":true,"href":"https:\/\/www.verdi-tu.de\/wordpress\/wp-json\/wp\/v2\/comments?post=485"}],"version-history":[{"count":50,"href":"https:\/\/www.verdi-tu.de\/wordpress\/wp-json\/wp\/v2\/pages\/485\/revisions"}],"predecessor-version":[{"id":3248,"href":"https:\/\/www.verdi-tu.de\/wordpress\/wp-json\/wp\/v2\/pages\/485\/revisions\/3248"}],"up":[{"embeddable":true,"href":"https:\/\/www.verdi-tu.de\/wordpress\/wp-json\/wp\/v2\/pages\/579"}],"wp:attachment":[{"href":"https:\/\/www.verdi-tu.de\/wordpress\/wp-json\/wp\/v2\/media?parent=485"}],"curies":[{"name":"wp","href":"https:\/\/api.w.org\/{rel}","templated":true}]}}