{"id":473,"date":"2016-07-27T09:23:28","date_gmt":"2016-07-27T07:23:28","guid":{"rendered":"http:\/\/www.verdi-tu.de\/wordpress\/?page_id=473"},"modified":"2026-02-17T17:05:15","modified_gmt":"2026-02-17T15:05:15","slug":"kuratorium","status":"publish","type":"page","link":"https:\/\/www.verdi-tu.de\/wordpress\/ver-di-in-gremien\/kuratorium\/","title":{"rendered":"Kuratorium"},"content":{"rendered":"<ul>\n<li>Die n\u00e4chsten AS-Termine und weitere Informationen zum AS sind hier zu finden: <a href=\"https:\/\/www.tu.berlin\/go151219\/\">Kuratorium<\/a><\/li>\n<li>Amtsperiode 01.04.2026 bis 31.03.2028<\/li>\n<\/ul>\n<table>\n<tbody>\n<tr>\n<td><strong>Mitglied im KU:<\/strong><\/td>\n<td><strong>Stellvertreter:<\/strong><\/td>\n<\/tr>\n<tr>\n<td style=\"text-align: center;\"><strong> <img loading=\"lazy\" decoding=\"async\" class=\"aligncenter wp-image-2129 size-thumbnail\" src=\"https:\/\/www.verdi-tu.de\/wordpress\/wp-content\/uploads\/claudia_ben_nasrallah-150x150.jpg\" alt=\"\" width=\"150\" height=\"150\" \/><\/strong><\/p>\n<p><strong><a href=\"mailto:claudia.nasrallah@tu-berlin.de\"><span style=\"color: #0066cc;\">Claudia Ben Nasrallah<\/span><\/a><\/strong><\/td>\n<td style=\"text-align: center;\"><img loading=\"lazy\" decoding=\"async\" class=\"aligncenter wp-image-3110 size-thumbnail\" src=\"https:\/\/www.verdi-tu.de\/wordpress\/wp-content\/uploads\/8b982f51-5090-4aa2-9ad2-9a71b625c12b-e1771263856756-150x150.png\" alt=\"\" width=\"150\" height=\"150\" \/><\/p>\n<p><a href=\"mailto:j.altmeyer@tu-berlin.de\">Jan Altmeyer<\/a><\/td>\n<\/tr>\n<\/tbody>\n<\/table>\n<p class=\"my-2 [&amp;+p]:mt-4 [&amp;_strong:has(+br)]:inline-block [&amp;_strong:has(+br)]:pb-2\">Wir sind ein erfahrenes Team aus Technik, Service und Verwaltung (MTSV), das Fachwissen mit gewerkschaftlicher Solidarit\u00e4t verbindet.<\/p>\n<p class=\"my-2 [&amp;+p]:mt-4 [&amp;_strong:has(+br)]:inline-block [&amp;_strong:has(+br)]:pb-2\">Unsere Schwerpunkte f\u00fcr die Amtszeit 2026\u20132028:<\/p>\n<ul class=\"marker:text-quiet list-disc\">\n<li class=\"py-0 my-0 prose-p:pt-0 prose-p:mb-2 prose-p:my-0 [&amp;&gt;p]:pt-0 [&amp;&gt;p]:mb-2 [&amp;&gt;p]:my-0\">\n<p class=\"my-2 [&amp;+p]:mt-4 [&amp;_strong:has(+br)]:inline-block [&amp;_strong:has(+br)]:pb-2\"><strong>Transparenz &amp; Mitbestimmung:<\/strong> Offene Kommunikation bei Finanzengp\u00e4ssen und verbindliche Beteiligung des MTSV-Personals an Haushaltsentscheidungen.<\/p>\n<\/li>\n<li class=\"py-0 my-0 prose-p:pt-0 prose-p:mb-2 prose-p:my-0 [&amp;&gt;p]:pt-0 [&amp;&gt;p]:mb-2 [&amp;&gt;p]:my-0\">\n<p class=\"my-2 [&amp;+p]:mt-4 [&amp;_strong:has(+br)]:inline-block [&amp;_strong:has(+br)]:pb-2\"><strong>Stabilit\u00e4t gegen K\u00fcrzungen:<\/strong> Kampf f\u00fcr ausreichende Personalst\u00e4rke in Verwaltung und IT sowie gegen betriebsbedingte K\u00fcndigungen und Arbeitsverdichtung.<\/p>\n<\/li>\n<li class=\"py-0 my-0 prose-p:pt-0 prose-p:mb-2 prose-p:my-0 [&amp;&gt;p]:pt-0 [&amp;&gt;p]:mb-2 [&amp;&gt;p]:my-0\">\n<p class=\"my-2 [&amp;+p]:mt-4 [&amp;_strong:has(+br)]:inline-block [&amp;_strong:has(+br)]:pb-2\"><strong>Gesunde Arbeitsr\u00e4ume:<\/strong> Pragmatische L\u00f6sungen bei Raumknappheit und Sanierungen sowie die Besetzung offener Stellen in der Fachtechnik.<\/p>\n<\/li>\n<li class=\"py-0 my-0 prose-p:pt-0 prose-p:mb-2 prose-p:my-0 [&amp;&gt;p]:pt-0 [&amp;&gt;p]:mb-2 [&amp;&gt;p]:my-0\">\n<p class=\"my-2 [&amp;+p]:mt-4 [&amp;_strong:has(+br)]:inline-block [&amp;_strong:has(+br)]:pb-2\"><strong>Entwicklung &amp; Anerkennung:<\/strong> F\u00f6rderung echter Aufstiegschancen durch Weiterbildung und mehr Sichtbarkeit f\u00fcr die Schl\u00fcsselrolle des technischen Personals in Laboren und Werkst\u00e4tten.<\/p>\n<\/li>\n<li class=\"py-0 my-0 prose-p:pt-0 prose-p:mb-2 prose-p:my-0 [&amp;&gt;p]:pt-0 [&amp;&gt;p]:mb-2 [&amp;&gt;p]:my-0\">\n<p class=\"my-2 [&amp;+p]:mt-4 [&amp;_strong:has(+br)]:inline-block [&amp;_strong:has(+br)]:pb-2\"><strong>Soziale &amp; \u00f6kologische Uni:<\/strong> Erhalt der Familienfreundlichkeit (Kitapl\u00e4tze\/B\u00fcro) und ein sozial gerechter Klimaschutz auf dem Campus.<\/p>\n<\/li>\n<\/ul>\n","protected":false},"excerpt":{"rendered":"<p>Die n\u00e4chsten AS-Termine und weitere Informationen zum AS sind hier zu finden: Kuratorium Amtsperiode 01.04.2026 bis 31.03.2028 Mitglied im KU:&#8230;<\/p>\n","protected":false},"author":3,"featured_media":0,"parent":29,"menu_order":0,"comment_status":"closed","ping_status":"closed","template":"","meta":{"footnotes":""},"class_list":["post-473","page","type-page","status-publish","hentry"],"_links":{"self":[{"href":"https:\/\/www.verdi-tu.de\/wordpress\/wp-json\/wp\/v2\/pages\/473","targetHints":{"allow":["GET"]}}],"collection":[{"href":"https:\/\/www.verdi-tu.de\/wordpress\/wp-json\/wp\/v2\/pages"}],"about":[{"href":"https:\/\/www.verdi-tu.de\/wordpress\/wp-json\/wp\/v2\/types\/page"}],"author":[{"embeddable":true,"href":"https:\/\/www.verdi-tu.de\/wordpress\/wp-json\/wp\/v2\/users\/3"}],"replies":[{"embeddable":true,"href":"https:\/\/www.verdi-tu.de\/wordpress\/wp-json\/wp\/v2\/comments?post=473"}],"version-history":[{"count":21,"href":"https:\/\/www.verdi-tu.de\/wordpress\/wp-json\/wp\/v2\/pages\/473\/revisions"}],"predecessor-version":[{"id":3182,"href":"https:\/\/www.verdi-tu.de\/wordpress\/wp-json\/wp\/v2\/pages\/473\/revisions\/3182"}],"up":[{"embeddable":true,"href":"https:\/\/www.verdi-tu.de\/wordpress\/wp-json\/wp\/v2\/pages\/29"}],"wp:attachment":[{"href":"https:\/\/www.verdi-tu.de\/wordpress\/wp-json\/wp\/v2\/media?parent=473"}],"curies":[{"name":"wp","href":"https:\/\/api.w.org\/{rel}","templated":true}]}}