{"id":471,"date":"2016-07-27T09:21:53","date_gmt":"2016-07-27T07:21:53","guid":{"rendered":"http:\/\/www.verdi-tu.de\/wordpress\/?page_id=471"},"modified":"2016-07-27T09:21:53","modified_gmt":"2016-07-27T07:21:53","slug":"aufgaben-des-eas","status":"publish","type":"page","link":"https:\/\/www.verdi-tu.de\/wordpress\/ver-di-in-gremien\/erweiterter-akademischer-senat\/aufgaben-des-eas\/","title":{"rendered":"Aufgaben des EAS"},"content":{"rendered":"<p>Die Aufgaben des\u00a0EAS sind u.a.:<\/p>\n<ul>\n<li>Wahl des Pr\u00e4sidenten und der Vizepr\u00e4sidenten<\/li>\n<li>Abwahl des Pr\u00e4sidenten<\/li>\n<li>Beschlussfassung \u00fcber die Grundordnung<\/li>\n<li>Er\u00f6rterung des j\u00e4hrlichen Rechenschaftsberichts des Pr\u00e4sidenten<\/li>\n<li>Stellungnahme zu Angelegenheiten von grunds\u00e4tzlicher Bedeutung.<\/li>\n<\/ul>\n","protected":false},"excerpt":{"rendered":"<p>Die Aufgaben des\u00a0EAS sind u.a.: Wahl des Pr\u00e4sidenten und der Vizepr\u00e4sidenten Abwahl des Pr\u00e4sidenten Beschlussfassung \u00fcber die Grundordnung Er\u00f6rterung des&#8230;<\/p>\n","protected":false},"author":3,"featured_media":0,"parent":466,"menu_order":0,"comment_status":"closed","ping_status":"closed","template":"template-full.php","meta":{"footnotes":""},"class_list":["post-471","page","type-page","status-publish","hentry"],"_links":{"self":[{"href":"https:\/\/www.verdi-tu.de\/wordpress\/wp-json\/wp\/v2\/pages\/471","targetHints":{"allow":["GET"]}}],"collection":[{"href":"https:\/\/www.verdi-tu.de\/wordpress\/wp-json\/wp\/v2\/pages"}],"about":[{"href":"https:\/\/www.verdi-tu.de\/wordpress\/wp-json\/wp\/v2\/types\/page"}],"author":[{"embeddable":true,"href":"https:\/\/www.verdi-tu.de\/wordpress\/wp-json\/wp\/v2\/users\/3"}],"replies":[{"embeddable":true,"href":"https:\/\/www.verdi-tu.de\/wordpress\/wp-json\/wp\/v2\/comments?post=471"}],"version-history":[{"count":1,"href":"https:\/\/www.verdi-tu.de\/wordpress\/wp-json\/wp\/v2\/pages\/471\/revisions"}],"predecessor-version":[{"id":472,"href":"https:\/\/www.verdi-tu.de\/wordpress\/wp-json\/wp\/v2\/pages\/471\/revisions\/472"}],"up":[{"embeddable":true,"href":"https:\/\/www.verdi-tu.de\/wordpress\/wp-json\/wp\/v2\/pages\/466"}],"wp:attachment":[{"href":"https:\/\/www.verdi-tu.de\/wordpress\/wp-json\/wp\/v2\/media?parent=471"}],"curies":[{"name":"wp","href":"https:\/\/api.w.org\/{rel}","templated":true}]}}