{"id":322,"date":"2015-06-08T14:14:46","date_gmt":"2015-06-08T12:14:46","guid":{"rendered":"http:\/\/www.verdi-tu.de\/wordpress\/?page_id=322"},"modified":"2019-06-06T14:59:58","modified_gmt":"2019-06-06T12:59:58","slug":"archiv","status":"publish","type":"page","link":"https:\/\/www.verdi-tu.de\/wordpress\/betriebsgruppe\/archiv\/","title":{"rendered":"Archiv"},"content":{"rendered":"<p><strong>Juli 2018<\/strong><\/p>\n<p><strong>TV-STUD 6 Wochen Streik beendet- Einigung erzielt!<\/strong><br \/>\nDie Tarifkommission der studentischen Besch\u00e4ftigten hat einer Tarifeinigung f\u00fcr einen neuen Tarifvertrag Studentische Besch\u00e4ftigte (TV Stud) nach langer Beratung zugestimmt. Damit ist der l\u00e4ngste Hochschulstreik in Deutschland vorerst beendet. Die Mitglieder von GEW BERLIN und ver.di sind der Empfehlung der Tarifkommission f\u00fcr eine Annahme des Einigungspapiers gefolgt.<\/p>\n<p>F\u00fcr weitere Informationen verweisen wir auf die Webseite der Tarifkampagne <a href=\"https:\/\/tvstud.berlin\/\">hier<\/a><br \/>\n<img loading=\"lazy\" decoding=\"async\" class=\"alignleft size-full wp-image-822\" src=\"https:\/\/www.verdi-tu.de\/wordpress\/wp-content\/uploads\/tvstudlogo.png\" alt=\"\" width=\"175\" height=\"50\" \/><\/p>\n<p><strong>M\u00e4rz 2017<\/strong><\/p>\n<p><strong>Rentensinkflug stoppen<\/strong><br \/>\nUnter dem Dach des DGB beteiligt sich ver.di am Aufruf zur Unterzeichnung einer Petition, um den Renten-Sinkflug zu stoppen. N\u00e4heres ist <a href=\"http:\/\/rente-muss-reichen.de\/meinestimme\/\"> hier <\/a> zu finden.<br \/>\n<img loading=\"lazy\" decoding=\"async\" src=\"https:\/\/www.verdi-tu.de\/wordpress\/wp-content\/uploads\/side-top-e1491228086965.png\" alt=\"\" width=\"200\" height=\"122\" \/><\/p>\n<p><strong>Hochschulvertr\u00e4ge<\/strong><br \/>\nDie Hochschulvertr\u00e4ge f\u00fcr den Zeitraum 2018-2022 sind nach \u00fcberraschend kurzen Verhandlungen verabschiedet worden. Die Eckpunkte k\u00f6nnt ihr <a href=\"https:\/\/www.verdi-tu.de\/wordpress\/wp-content\/uploads\/eckpunkte-hochschulvertraege-2018-2022.pdf\"><span style=\"color: #0066cc;\">hier<\/span><\/a> finden. Einen Bericht in der Berliner Morgenpost zur Einsch\u00e4tzung von ver.di ist <a href=\"http:\/\/www.morgenpost.de\/berlin\/article210111405\/Verdi-sieht-Licht-und-Schatten-bei-Hochschulvertraegen.html?utm_source=dlvr.it&amp;utm_medium=twitter\"> hier <\/a> zu finden.<\/p>\n<p>&nbsp;<\/p>\n<p><strong>Januar 2017<\/strong><\/p>\n<p><strong>Ergebnis der Wahlen zum AS und EAS<\/strong><\/p>\n<p>Die genauen Ergebnisse f\u00fcr alle Statusgruppen sind <a title=\"hier\" href=\"http:\/\/www.tu-berlin.de\/fileadmin\/ref23\/ZWV\/ZWV_2017\/Wahlergebnisse_AS_EAS-Wahl_26.1.2017\/AS_EAS-Wahl_26.1.2017_Ergebnisliste_2.2.2017.pdf\"><span style=\"color: #ff6518;\">hier<\/span><\/a> zu finden.<br \/>\nLeider hat es beim Akademischen Senat knapp nur f\u00fcr einen Sitz gereicht. Im Erweiterten Akademischen Senat ist ver.di weiterhin mit 4 Sitzen vertreten. Herzlichen Gl\u00fcckwunsch an die gew\u00e4hlten Vertreterinnen und Vertreter von ver.di!<br \/>\n<strong>Wir bedanken und bei allen Kolleginnen und Kollegen, die uns Ihr Vertrauen geschenkt haben.<\/strong><\/p>\n<p>&nbsp;<\/p>\n<p><strong>Dezember 2016<\/strong><\/p>\n<p><strong>Wahlen zum Akademischen Senat und erweiterten Akademischen Senat<br \/>\nListe 3 &#8211; Demokratie lebt von Beteiligung<\/strong><\/p>\n<p>Vorstellung der ver.di Liste im Flugblatt <a href=\"https:\/\/www.verdi-tu.de\/wordpress\/wp-content\/uploads\/verdi_wahlflugblatt_EAS2017.pdf\"><span style=\"color: #0066cc;\">hier<\/span><\/a>.<\/p>\n<p>&nbsp;<\/p>\n<p><strong>November 2016<\/strong><\/p>\n<p><strong>Koalitionsvertrag des Berliner Senats &#8211; Auszug Kapitel Wissenschaft und Hochschule<\/strong><br \/>\n<a href=\"https:\/\/www.verdi-tu.de\/wordpress\/wp-content\/uploads\/2016-11-Koa-Vertrag-Berliner-Senat-Auszug-Kapitel-Wissenschaft-und-Hochschulen.pdf\"><span style=\"color: #0066cc;\">2016-11 KOAV BS Wi+HO<\/span><\/a><\/p>\n<p>&nbsp;<\/p>\n<p>August 2016<\/p>\n<h3>ver.di bei der Begr\u00fc\u00dfung der Auszubildenden der TU am 30.08.2016<\/h3>\n<p><img loading=\"lazy\" decoding=\"async\" src=\"https:\/\/www.verdi-tu.de\/wordpress\/wp-content\/uploads\/IMAG3397.jpg\" alt=\"\" width=\"155\" height=\"259\" \/><\/p>\n<p>Bei der Informationsmesse zur Begr\u00fc\u00dfung der Auszubildenden waren wir mit einem Informationsstand vor Ort, um die Neuank\u00f6mmlinge \u00fcber die Arbeit Ihrer Gewerkschaft zu informieren. Dort wurde an jeden Azubi eine Schult\u00fcte \u00fcberreicht, die von ver.di-Mitgliedern im Personalrat gebastelt und bef\u00fcllt wurde. Die Aktion kam sehr gut an.<br \/>\n<img loading=\"lazy\" decoding=\"async\" src=\"https:\/\/www.verdi-tu.de\/wordpress\/wp-content\/uploads\/IMAG3398.jpg\" alt=\"\" width=\"100\" height=\"60\" \/><\/p>\n<h3>Erkl\u00e4rung des Landesfachbereichsvorstands Bildung, Wissenschaft und Forschung von ver.di Berlin-Brandenburg zur aktuellen Situation in der T\u00fcrkei<\/h3>\n<p>Die Erkl\u00e4rung ist <a href=\"https:\/\/www.verdi-tu.de\/wordpress\/wp-content\/uploads\/Erkl\u00e4rungT\u00fcrkei0716.pdf\"><span style=\"color: #0066cc;\">hier<\/span><\/a> zu finden.<\/p>\n<h3>Vortrag und Diskussion zu wissenschaftsunterst\u00fctzendem Personal<\/h3>\n<p>Am Dienstag, den 12. Januar 2016 fand im Hauptgeb\u00e4ude der TU im Raum H3002 eine Veranstaltung von ver.di mit Vortrag und Diskussion zum Thema &#8222;Wissenschaftsst\u00fctzendes Personal im Hochschulreformprozess &#8211; Erste Befunde aus einer wissenschaftlichen Studie&#8220; statt. Referent war Ulf Banscherus vom Institut f\u00fcr Erziehungswissenschaft. N\u00e4here Informationen sind <a href=\"https:\/\/www.verdi-tu.de\/wordpress\/wp-content\/uploads\/TU_Diskussion_12_01_16_Web.pdf\"><span style=\"color: #0066cc;\">hier<\/span><\/a> zu finden.<\/p>\n<p>Eine Pr\u00e4sentation zum Vortrag kann <a href=\"https:\/\/www.verdi-tu.de\/wordpress\/wp-content\/uploads\/Pr\u00e4sentation-verdi-TU-Berlin_BiwuB_2016-01-12.pdf\"><span style=\"color: #0066cc;\">hier<\/span><\/a> gefunden werden.<\/p>\n<h3>Vortrag zu den Auswirkungen der \u00c4nderung des Wissenschaftszeitvertragsgesetzes<\/h3>\n<p>Am Montag, den 11. Januar 2016 fand in der Frauenhoferstr. 33-36 im Raum 619 (6. Stock) ein Vortrag von ver.di mit dem Thema &#8222;Prek\u00e4re Wissenschaft und die Auswirkungen eines neuen Wissenschaftszeitvertragsgesetzes&#8220; statt. Referent war der Gewerkschaftssekret\u00e4r Matthias Neis. Weiteres ist <a href=\"https:\/\/www.verdi-tu.de\/wordpress\/wp-content\/uploads\/Veranstaltung_der_Karotte_nach_TU_11_01_16_Web.pdf\"><span style=\"color: #0066cc;\">hier<\/span><\/a> zu finden.<\/p>\n<h3>Entgelttabelle zur Tariferh\u00f6hung ab 01.03.2016<\/h3>\n<p>Zum 01.03.2016 gibt es eine Tariferh\u00f6hung. Die neue Entgelttabelle ist <a href=\"https:\/\/www.verdi-tu.de\/wordpress\/wp-content\/uploads\/Tabelle2016-17.pdf\">hier<\/a>\u00a0zu finden.<\/p>\n<h3>Pr\u00e4sentation zum Vortrag von ver.di auf der Personalversammlung vom 02.12.15<\/h3>\n<p>Der Vortrag zum Thema &#8222;Traumjob Wissenschaft? &#8211; Novellierung des WissZeitVG&#8220; auf der Personalversammlung vom 02.12.15 von Matthias Neis von ver.di kann unter <a href=\"http:\/\/prezi.com\/qx-cp7ixsder\/?utm_campaign=share&amp;utm_medium=copy&amp;rc=ex0share\">http:\/\/prezi.com\/qx-cp7ixsder\/?utm_campaign=share&amp;utm_medium=copy&amp;rc=ex0share<\/a>\u00a0nochmals angeschaut werden.<\/p>\n<p>&nbsp;<\/p>\n<p><a href=\"https:\/\/www.verdi-tu.de\/wordpress\/wp-content\/uploads\/Flugblatt-5-Tarifrunde-TdL-2015-Tarifeinigung.jpg\"><img loading=\"lazy\" decoding=\"async\" src=\"https:\/\/www.verdi-tu.de\/wordpress\/wp-content\/uploads\/Flugblatt-5-Tarifrunde-TdL-2015-Tarifeinigung-300x213.jpg\" alt=\"Flugblatt 5 Tarifrunde TdL 2015 Tarifeinigung\" width=\"300\" height=\"213\" \/><\/a><\/p>\n<h3>Tarifrunde 2015 &#8211; Warnstreik am 26.03.2015<\/h3>\n<p>Verdi ruft f\u00fcr Donnerstag, den 26.03.2015 zum n\u00e4chsten Warnstreik auf. Der Aufruf zum Warnstreik und weitere Informationen zur Tarifverhandlung k\u00f6nnen den nachfolgenden Flugbl\u00e4ttern entnommen werden.<\/p>\n<p><a href=\"https:\/\/www.verdi-tu.de\/wordpress\/wp-content\/uploads\/AufrufWarnstreik26-03-15-HS.pdf\">AufrufWarnstreik26-03-15-HS<\/a><\/p>\n<p><a href=\"https:\/\/www.verdi-tu.de\/wordpress\/wp-content\/uploads\/Flugblatt-Zusatzversorgung-TdL-19-03-2015.pdf\">Flugblatt Zusatzversorgung TdL 19 03 2015<\/a><\/p>\n<h3>Tarifrunde 2015 &#8211; Warnstreik am 11.03.2015<\/h3>\n<p>verdi ruft am Mittwoch den 11.03.2015 zu einem Warnstreik auf. Der Aufruf zum Warnstreik und weitere Informationen zur Tarifverhandlung k\u00f6nnen den nachfolgenden Flugbl\u00e4ttern entnommen werden.<\/p>\n<p><a href=\"https:\/\/www.verdi-tu.de\/wordpress\/wp-content\/uploads\/AufrufWarnstreik11-03TU.pdf\"><span style=\"color: #0066cc;\">AufrufWarnstreik11-03TU<\/span><\/a><\/p>\n<p><a href=\"https:\/\/www.verdi-tu.de\/wordpress\/wp-content\/uploads\/VBL-Flugblatt_11_3_15_FB05.pdf\"><span style=\"color: #0066cc;\">VBL-Flugblatt_11_3_15_FB05<\/span><\/a><\/p>\n<p>Informationen zum Streikrecht k\u00f6nnen <a href=\"https:\/\/www.verdi-tu.de\/wordpress\/wp-content\/uploads\/rechte_im_streik.pdf\"><span style=\"color: #0066cc;\">hier<\/span><\/a> <span style=\"color: #ff0000;\"><strong>(Achtung veraltete Angaben!)<\/strong> <\/span>gefunden werden.<\/p>\n<h3>Tarifrunde 2015 &#8211; Zweite Verhandlungsrunde &#8211; kein Angebot der TdL, daf\u00fcr Gegenforderungen<\/h3>\n<p>Bei der zweiten Verhandlungsrunde hat die\u00a0TdL kein Angebot vorgelegt, aber Gegenforderungen aufgestellt. N\u00e4here Informationen k\u00f6nnen den nachfolgenden Flugbl\u00e4ttern entnommen werden.<\/p>\n<p><a href=\"https:\/\/www.verdi-tu.de\/wordpress\/wp-content\/uploads\/Tarif-Info-extra-02-2015-Zweite-Verhandlungsrunde-mit-der-TdL-am-26.-27.-Februar-2015-in-Potsdam.pdf\"><span style=\"color: #0066cc;\">Tarif-Info-extra-02-2015-Zweite-Verhandlungsrunde-mit-der-TdL-am-26.-27.-Februar-2015-in-Potsdam<\/span><\/a><\/p>\n<p><a href=\"https:\/\/www.verdi-tu.de\/wordpress\/wp-content\/uploads\/1298_05_Flugbl_TV-L_anischt.pdf\"><span style=\"color: #0066cc;\">1298_05_Flugbl_TV-L_anischt<\/span><\/a><\/p>\n<p><span style=\"color: #0066cc;\"><a href=\"https:\/\/www.verdi-tu.de\/wordpress\/wp-content\/uploads\/Bild1.jpg\"><img loading=\"lazy\" decoding=\"async\" src=\"https:\/\/www.verdi-tu.de\/wordpress\/wp-content\/uploads\/Bild1-300x169.jpg\" alt=\"Bild1\" width=\"300\" height=\"169\" \/><\/a><\/span><\/p>\n<h3>Tarifrunde 2015 &#8211; Verhandlungsauftakt<\/h3>\n<p>Beim Verhandlungsauftakt hat die Tarifkommission der L\u00e4nder (TdL) kein Angebot vorgelegt und will Eingriffe in das Leistungsrecht der VBL erreichen. N\u00e4heres im Flugblatt<\/p>\n<p><a href=\"https:\/\/www.verdi-tu.de\/wordpress\/wp-content\/uploads\/Tarif_TdL_Handzettel2015_A4_RZ_150dpi.pdf\"><span style=\"color: #0066cc;\">Tarif_TdL_Handzettel2015_A4_RZ_150dpi<\/span><\/a><\/p>\n<p>Au\u00dferdem weiter Informationen auf der Webseite von verdi<\/p>\n<p><a href=\"https:\/\/www.verdi.de\/presse\/pressemitteilungen\/++co++62d6772e-b5df-11e4-9bbd-52540059119e\">https:\/\/www.verdi.de\/presse\/pressemitteilungen\/++co++62d6772e-b5df-11e4-9bbd-52540059119e<\/a><\/p>\n<h3>Tarifrunde 2015 &#8211; Forderungen festgelegt<\/h3>\n<p>Die Vorbereitungen f\u00fcr die Tarif- und Besoldungsrunde 2015 mit der Tarifgemeinschaft deutscher L\u00e4nder (TdL) sind gestartet. Die ver.di-Bundestarifkommission f\u00fcr den \u00f6ffentlichen Dienst hat auf ihrer Sitzung am 16.\/17.Oktober 2014 einstimmig die K\u00fcndigung der Entgelttabellen des TV-L zum 31. Dezember 2014.<\/p>\n<p>Beschlossen wurden folgende Forderungen:<\/p>\n<ul>\n<li>Tabellenerh\u00f6hung um 5,5 Prozent, mindestens um 175,- \u20ac<\/li>\n<li>\u00dcbernahmeregelung f\u00fcr Auszubildende<\/li>\n<li>Eind\u00e4mmung der Befristungspraxis<\/li>\n<\/ul>\n<p>Weiteres kann dem Flugblatt entnommen werden.<\/p>\n<p><a href=\"https:\/\/www.verdi-tu.de\/wordpress\/wp-content\/uploads\/1298_02_Flugbl_TV-L_ANSICHT.pdf\"><span style=\"color: #0066cc;\">1298_02_Flugbl_TV-L_ANSICHT<\/span><\/a><\/p>\n<p>Au\u00dferdem wehrt sich verdi gegen einen eventuellen Angriff auf die Betriebsrente. N\u00e4here Informationen k\u00f6nnen dem Flugblatt entnommen werden.<\/p>\n<p><a href=\"https:\/\/www.verdi-tu.de\/wordpress\/wp-content\/uploads\/1153_28_Flugbl_ZVK_VBL.pdf\"><span style=\"color: #0066cc;\">1153_28_Flugbl_ZVK_VBL<\/span><\/a><\/p>\n","protected":false},"excerpt":{"rendered":"<p>Juli 2018 TV-STUD 6 Wochen Streik beendet- Einigung erzielt! Die Tarifkommission der studentischen Besch\u00e4ftigten hat einer Tarifeinigung f\u00fcr einen neuen&#8230;<\/p>\n","protected":false},"author":3,"featured_media":0,"parent":56,"menu_order":0,"comment_status":"closed","ping_status":"closed","template":"template-full.php","meta":{"footnotes":""},"class_list":["post-322","page","type-page","status-publish","hentry"],"_links":{"self":[{"href":"https:\/\/www.verdi-tu.de\/wordpress\/wp-json\/wp\/v2\/pages\/322","targetHints":{"allow":["GET"]}}],"collection":[{"href":"https:\/\/www.verdi-tu.de\/wordpress\/wp-json\/wp\/v2\/pages"}],"about":[{"href":"https:\/\/www.verdi-tu.de\/wordpress\/wp-json\/wp\/v2\/types\/page"}],"author":[{"embeddable":true,"href":"https:\/\/www.verdi-tu.de\/wordpress\/wp-json\/wp\/v2\/users\/3"}],"replies":[{"embeddable":true,"href":"https:\/\/www.verdi-tu.de\/wordpress\/wp-json\/wp\/v2\/comments?post=322"}],"version-history":[{"count":14,"href":"https:\/\/www.verdi-tu.de\/wordpress\/wp-json\/wp\/v2\/pages\/322\/revisions"}],"predecessor-version":[{"id":1208,"href":"https:\/\/www.verdi-tu.de\/wordpress\/wp-json\/wp\/v2\/pages\/322\/revisions\/1208"}],"up":[{"embeddable":true,"href":"https:\/\/www.verdi-tu.de\/wordpress\/wp-json\/wp\/v2\/pages\/56"}],"wp:attachment":[{"href":"https:\/\/www.verdi-tu.de\/wordpress\/wp-json\/wp\/v2\/media?parent=322"}],"curies":[{"name":"wp","href":"https:\/\/api.w.org\/{rel}","templated":true}]}}