{"id":2800,"date":"2024-10-15T14:16:07","date_gmt":"2024-10-15T12:16:07","guid":{"rendered":"https:\/\/www.verdi-tu.de\/wordpress\/?page_id=2800"},"modified":"2024-10-23T09:17:31","modified_gmt":"2024-10-23T07:17:31","slug":"tu-verwaltung","status":"publish","type":"page","link":"https:\/\/www.verdi-tu.de\/wordpress\/personalvertretung\/personalrat\/personalratswahlen2024\/tu-verwaltung\/","title":{"rendered":"TU Verwaltung"},"content":{"rendered":"<p>Die Einf\u00fchrung von SAP, die Corona-Pandemie und der TU-Hack sind nur einige Gr\u00fcnde, die alle Verwaltungsprozesse der TU zus\u00e4tzlich bis auf das \u00c4u\u00dferste forderten und eine Neujustierung dieser Prozesse n\u00f6tig machte. Oft hinkt diese Neujustierung noch.<br \/>\nDer Personalrat war und ist an den \u00c4nderungen bzw. Einf\u00fchrung dieser Prozesse beteiligt.<br \/>\nUnsere ver.di-Liste wird sich mit diesem wichtigen Themenfeld weiter besch\u00e4ftigen und m\u00f6gliche Ma\u00dfnahmen im Sinne der Besch\u00e4ftigten begleiten!<\/p>\n<p><strong>Die ver.di Liste setzt sich ein f\u00fcr<\/strong><\/p>\n<p>\u2022 Transparente, schlanke und nachvollziehbare Verwaltungsvorg\u00e4nge und Vorschriften<br \/>\n\u2022 den Schutz der Besch\u00e4ftigten vor Burn Out<br \/>\n\u2022 die \u201eechte\u201c digitale Unterst\u00fctzung von Verwaltungsprozessen mit Augenma\u00df<br \/>\n\u2022 Vermeidung von Medienbr\u00fcchen<br \/>\n\u2022 transparente und nachvollziehbare Mitzeichnungspflichten<br \/>\n\u2022 ein Abschlie\u00dfen von Dienstvereinbarungen im Sinne von Ihnen, den Besch\u00e4ftigten<\/p>\n<p style=\"text-align: center;\"><strong>Willst Du nicht in Prozessschleifen h\u00e4ngen, w\u00e4hle ver.di!<\/strong><\/p>\n<p><a href=\"https:\/\/www.verdi-tu.de\/wordpress\/wp-content\/uploads\/Slogan.jpg\"><img loading=\"lazy\" decoding=\"async\" class=\"wp-image-1707 aligncenter\" src=\"https:\/\/www.verdi-tu.de\/wordpress\/wp-content\/uploads\/Slogan-1024x83.jpg\" alt=\"\" width=\"525\" height=\"43\" srcset=\"https:\/\/www.verdi-tu.de\/wordpress\/wp-content\/uploads\/Slogan-1024x83.jpg 1024w, https:\/\/www.verdi-tu.de\/wordpress\/wp-content\/uploads\/Slogan-300x24.jpg 300w, https:\/\/www.verdi-tu.de\/wordpress\/wp-content\/uploads\/Slogan-768x62.jpg 768w, https:\/\/www.verdi-tu.de\/wordpress\/wp-content\/uploads\/Slogan-1536x125.jpg 1536w, https:\/\/www.verdi-tu.de\/wordpress\/wp-content\/uploads\/Slogan.jpg 1796w\" sizes=\"auto, (max-width: 525px) 100vw, 525px\" \/><\/a><\/p>\n<table>\n<tbody>\n<tr>\n<td style=\"text-align: center;\"><a href=\"https:\/\/www.verdi-tu.de\/wordpress\/personalratswahlen2020\/arbeitsplatzgestaltung\/\" target=\"_blank\" rel=\"noopener noreferrer\">Dein Arbeitsplatz<\/a><\/td>\n<td style=\"text-align: center;\"><a href=\"https:\/\/www.verdi-tu.de\/wordpress\/personalratswahlen2020\/digitale-lehre\/\" target=\"_blank\" rel=\"noopener noreferrer\">Leben als WiMi<\/a><\/td>\n<td style=\"text-align: center;\"><a href=\"https:\/\/www.verdi-tu.de\/wordpress\/personalratswahlen2020\/digitalisierung\/\" target=\"_blank\" rel=\"noopener noreferrer\">Alles digital &#8211;<br \/>\nalles besser?<\/a><\/td>\n<\/tr>\n<tr>\n<td style=\"text-align: center;\"><a href=\"https:\/\/www.verdi-tu.de\/wordpress\/personalvertretung\/personalrat\/personalratswahlen2024\/baulicher-zustand\/\">Baustelle TU<\/a><\/td>\n<td style=\"text-align: center;\"><a href=\"https:\/\/www.verdi-tu.de\/wordpress\/personalvertretung\/personalrat\/personalratswahlen2024\/das-grosse-kuerzen\/\">Das gro\u00dfe K\u00fcrzen?<\/a><\/td>\n<td style=\"text-align: center;\"><a href=\"https:\/\/www.verdi-tu.de\/wordpress\/personalvertretung\/personalrat\/personalratswahlen2024\/personalentwicklung\/\">Dein Arbeitsleben &#8211; <\/a><br \/>\n<a href=\"https:\/\/www.verdi-tu.de\/wordpress\/personalvertretung\/personalrat\/personalratswahlen2024\/personalentwicklung\/\">Quo vadis?<\/a><\/td>\n<\/tr>\n<tr>\n<td style=\"text-align: center;\"><a href=\"https:\/\/www.verdi-tu.de\/wordpress\/personalratswahlen2020\/verbesserung-der-eingruppierung\/\" target=\"_blank\" rel=\"noopener noreferrer\">Verbesserung<br \/>\nEingruppierung<\/a><\/td>\n<td style=\"text-align: center;\"><\/td>\n<td style=\"text-align: center;\"><a href=\"https:\/\/www.verdi-tu.de\/wordpress\/personalratswahlen2020\/die-ver-di-liste\/\" target=\"_blank\" rel=\"noopener noreferrer\">Die ver.di-Liste<\/a><\/td>\n<\/tr>\n<\/tbody>\n<\/table>\n","protected":false},"excerpt":{"rendered":"<p>Die Einf\u00fchrung von SAP, die Corona-Pandemie und der TU-Hack sind nur einige Gr\u00fcnde, die alle Verwaltungsprozesse der TU zus\u00e4tzlich bis&#8230;<\/p>\n","protected":false},"author":3,"featured_media":0,"parent":1336,"menu_order":0,"comment_status":"closed","ping_status":"closed","template":"page-full.php","meta":{"footnotes":""},"class_list":["post-2800","page","type-page","status-publish","hentry"],"_links":{"self":[{"href":"https:\/\/www.verdi-tu.de\/wordpress\/wp-json\/wp\/v2\/pages\/2800","targetHints":{"allow":["GET"]}}],"collection":[{"href":"https:\/\/www.verdi-tu.de\/wordpress\/wp-json\/wp\/v2\/pages"}],"about":[{"href":"https:\/\/www.verdi-tu.de\/wordpress\/wp-json\/wp\/v2\/types\/page"}],"author":[{"embeddable":true,"href":"https:\/\/www.verdi-tu.de\/wordpress\/wp-json\/wp\/v2\/users\/3"}],"replies":[{"embeddable":true,"href":"https:\/\/www.verdi-tu.de\/wordpress\/wp-json\/wp\/v2\/comments?post=2800"}],"version-history":[{"count":9,"href":"https:\/\/www.verdi-tu.de\/wordpress\/wp-json\/wp\/v2\/pages\/2800\/revisions"}],"predecessor-version":[{"id":2862,"href":"https:\/\/www.verdi-tu.de\/wordpress\/wp-json\/wp\/v2\/pages\/2800\/revisions\/2862"}],"up":[{"embeddable":true,"href":"https:\/\/www.verdi-tu.de\/wordpress\/wp-json\/wp\/v2\/pages\/1336"}],"wp:attachment":[{"href":"https:\/\/www.verdi-tu.de\/wordpress\/wp-json\/wp\/v2\/media?parent=2800"}],"curies":[{"name":"wp","href":"https:\/\/api.w.org\/{rel}","templated":true}]}}