{"id":2722,"date":"2024-10-14T08:53:07","date_gmt":"2024-10-14T06:53:07","guid":{"rendered":"https:\/\/www.verdi-tu.de\/wordpress\/?page_id=2722"},"modified":"2024-11-10T14:07:32","modified_gmt":"2024-11-10T12:07:32","slug":"eingruppierung","status":"publish","type":"page","link":"https:\/\/www.verdi-tu.de\/wordpress\/personalvertretung\/personalrat\/personalratswahlen2024\/eingruppierung\/","title":{"rendered":"Eingruppierung"},"content":{"rendered":"<p><a href=\"https:\/\/www.verdi-tu.de\/wordpress\/personalvertretung\/personalrat\/personalratswahlen2024\/eingruppierung\/\"><img loading=\"lazy\" decoding=\"async\" class=\"alignright wp-image-1933\" src=\"https:\/\/www.verdi-tu.de\/wordpress\/wp-content\/uploads\/germany-flag-german-flag-large-jmnWRx-300x180.jpg\" alt=\"\" width=\"33\" height=\"20\" srcset=\"https:\/\/www.verdi-tu.de\/wordpress\/wp-content\/uploads\/germany-flag-german-flag-large-jmnWRx-300x180.jpg 300w, https:\/\/www.verdi-tu.de\/wordpress\/wp-content\/uploads\/germany-flag-german-flag-large-jmnWRx-1024x614.jpg 1024w, https:\/\/www.verdi-tu.de\/wordpress\/wp-content\/uploads\/germany-flag-german-flag-large-jmnWRx-768x461.jpg 768w, https:\/\/www.verdi-tu.de\/wordpress\/wp-content\/uploads\/germany-flag-german-flag-large-jmnWRx.jpg 1200w\" sizes=\"auto, (max-width: 33px) 100vw, 33px\" \/><\/a><a href=\"https:\/\/www.verdi-tu.de\/wordpress\/staff-council-election-2024\/classification\/\"><img loading=\"lazy\" decoding=\"async\" class=\"alignright wp-image-1932\" src=\"https:\/\/www.verdi-tu.de\/wordpress\/wp-content\/uploads\/Screen-Shot-2015-05-04-at-21.55.49-300x149.png\" alt=\"\" width=\"40\" height=\"20\" srcset=\"https:\/\/www.verdi-tu.de\/wordpress\/wp-content\/uploads\/Screen-Shot-2015-05-04-at-21.55.49-300x149.png 300w, https:\/\/www.verdi-tu.de\/wordpress\/wp-content\/uploads\/Screen-Shot-2015-05-04-at-21.55.49.png 751w\" sizes=\"auto, (max-width: 40px) 100vw, 40px\" \/><\/a><\/p>\n<p>Ein gerechtes Entgelt und somit eine faire Eingruppierung der Besch\u00e4ftigten ist zentral f\u00fcr uns. Als PR-Mitglieder der ver.di-Liste haben wir mehrfach entsprechende Schulungen besucht, um Mitarbeitende besser beraten zu k\u00f6nnen, u.a. bei Fragen zu Stellenbewertungen, H\u00f6hergruppierungen Und weiteren Anliegen.<\/p>\n<p>Uns ist dabei vor allem wichtig, dass die <strong>Eingruppierung tarifkonform<\/strong> \u2013 also gem\u00e4\u00df den Regelungen des Tarifvertrags der L\u00e4nder (TV-L) und der dazugeh\u00f6rigen Entgeltordnung erfolgt. Schlie\u00dflich sollen die Besch\u00e4ftigten f\u00fcr die Arbeit die sie leisten, auch entsprechend bezahlt werden. Wenn wir eine Eingruppierung, Einstufung oder auch Stellenbewertung f\u00fcr falsch halten, scheuen wir uns auch nicht, den Konflikt mit der Dienststelle zu suchen. Mit dem Ziel, eine <strong>korrekte<\/strong> Eingruppierung zu erwirken, hat der Personalrat in den letzten Jahren diverse Eingruppierungen abgelehnt und oft mit Erfolg ein h\u00f6heres Entgelt f\u00fcr Besch\u00e4ftigte erreicht.<\/p>\n<p><strong>Die ver.di Liste setzt sich ein f\u00fcr:<\/strong><\/p>\n<ul>\n<li>tarifkonforme Eingruppierung der Besch\u00e4ftigten<\/li>\n<li>nachvollziehbare Stellenbewertungen und Kommunikation mit allen Beteiligten<\/li>\n<li>Beratung von Besch\u00e4ftigten zu den M\u00f6glichkeiten einer H\u00f6hergruppierung<\/li>\n<\/ul>\n<p style=\"text-align: center;\"><strong><em>Willst Du f\u00fcr Deine Arbeit angemessen bezahlt werden, w\u00e4hle ver.di!<\/em><\/strong><\/p>\n<p><a href=\"https:\/\/www.verdi-tu.de\/wordpress\/wp-content\/uploads\/Slogan.jpg\"><img loading=\"lazy\" decoding=\"async\" class=\"wp-image-1707 aligncenter\" src=\"https:\/\/www.verdi-tu.de\/wordpress\/wp-content\/uploads\/Slogan-1024x83.jpg\" alt=\"\" width=\"525\" height=\"43\" srcset=\"https:\/\/www.verdi-tu.de\/wordpress\/wp-content\/uploads\/Slogan-1024x83.jpg 1024w, https:\/\/www.verdi-tu.de\/wordpress\/wp-content\/uploads\/Slogan-300x24.jpg 300w, https:\/\/www.verdi-tu.de\/wordpress\/wp-content\/uploads\/Slogan-768x62.jpg 768w, https:\/\/www.verdi-tu.de\/wordpress\/wp-content\/uploads\/Slogan-1536x125.jpg 1536w, https:\/\/www.verdi-tu.de\/wordpress\/wp-content\/uploads\/Slogan.jpg 1796w\" sizes=\"auto, (max-width: 525px) 100vw, 525px\" \/><\/a><\/p>\n<table>\n<tbody>\n<tr>\n<td style=\"text-align: center;\"><a href=\"https:\/\/www.verdi-tu.de\/wordpress\/personalratswahlen2020\/arbeitsplatzgestaltung\/\" target=\"_blank\" rel=\"noopener noreferrer\">Dein Arbeitsplatz<\/a><\/td>\n<td style=\"text-align: center;\"><a href=\"https:\/\/www.verdi-tu.de\/wordpress\/personalratswahlen2020\/digitale-lehre\/\" target=\"_blank\" rel=\"noopener noreferrer\">Leben als WiMi<\/a><\/td>\n<td style=\"text-align: center;\"><a href=\"https:\/\/www.verdi-tu.de\/wordpress\/personalratswahlen2020\/digitalisierung\/\" target=\"_blank\" rel=\"noopener noreferrer\">Alles digital &#8211;<br \/>\nalles besser?<\/a><\/td>\n<\/tr>\n<tr>\n<td style=\"text-align: center;\"><a href=\"https:\/\/www.verdi-tu.de\/wordpress\/personalratswahlen2020\/personalentwicklung\/\" target=\"_blank\" rel=\"noopener noreferrer\">Dein Arbeitsleben<br \/>\nQuo vadis?<\/a><\/td>\n<td style=\"text-align: center;\"><a href=\"https:\/\/www.verdi-tu.de\/wordpress\/personalvertretung\/personalrat\/personalratswahlen2024\/tu-verwaltung\/\">TU Verwaltung<\/a><\/td>\n<td style=\"text-align: center;\"><a href=\"https:\/\/www.verdi-tu.de\/wordpress\/personalvertretung\/personalrat\/personalratswahlen2024\/baulicher-zustand\/\">Baustelle TU<\/a><\/td>\n<\/tr>\n<tr>\n<td style=\"text-align: center;\"><a href=\"https:\/\/www.verdi-tu.de\/wordpress\/personalvertretung\/personalrat\/personalratswahlen2024\/das-grosse-kuerzen\/\">Das gro\u00dfe K\u00fcrzen?<\/a><\/td>\n<td style=\"text-align: center;\"><\/td>\n<td style=\"text-align: center;\"><a href=\"https:\/\/www.verdi-tu.de\/wordpress\/personalratswahlen2020\/die-ver-di-liste\/\" target=\"_blank\" rel=\"noopener noreferrer\">Die ver.di-Liste<\/a><\/td>\n<\/tr>\n<\/tbody>\n<\/table>\n","protected":false},"excerpt":{"rendered":"<p>Ein gerechtes Entgelt und somit eine faire Eingruppierung der Besch\u00e4ftigten ist zentral f\u00fcr uns. Als PR-Mitglieder der ver.di-Liste haben wir&#8230;<\/p>\n","protected":false},"author":14,"featured_media":0,"parent":1336,"menu_order":0,"comment_status":"closed","ping_status":"closed","template":"page-full.php","meta":{"footnotes":""},"class_list":["post-2722","page","type-page","status-publish","hentry"],"_links":{"self":[{"href":"https:\/\/www.verdi-tu.de\/wordpress\/wp-json\/wp\/v2\/pages\/2722","targetHints":{"allow":["GET"]}}],"collection":[{"href":"https:\/\/www.verdi-tu.de\/wordpress\/wp-json\/wp\/v2\/pages"}],"about":[{"href":"https:\/\/www.verdi-tu.de\/wordpress\/wp-json\/wp\/v2\/types\/page"}],"author":[{"embeddable":true,"href":"https:\/\/www.verdi-tu.de\/wordpress\/wp-json\/wp\/v2\/users\/14"}],"replies":[{"embeddable":true,"href":"https:\/\/www.verdi-tu.de\/wordpress\/wp-json\/wp\/v2\/comments?post=2722"}],"version-history":[{"count":20,"href":"https:\/\/www.verdi-tu.de\/wordpress\/wp-json\/wp\/v2\/pages\/2722\/revisions"}],"predecessor-version":[{"id":2838,"href":"https:\/\/www.verdi-tu.de\/wordpress\/wp-json\/wp\/v2\/pages\/2722\/revisions\/2838"}],"up":[{"embeddable":true,"href":"https:\/\/www.verdi-tu.de\/wordpress\/wp-json\/wp\/v2\/pages\/1336"}],"wp:attachment":[{"href":"https:\/\/www.verdi-tu.de\/wordpress\/wp-json\/wp\/v2\/media?parent=2722"}],"curies":[{"name":"wp","href":"https:\/\/api.w.org\/{rel}","templated":true}]}}