{"id":1838,"date":"2020-11-12T15:30:10","date_gmt":"2020-11-12T13:30:10","guid":{"rendered":"http:\/\/www.verdi-tu.de\/wordpress\/?page_id=1838"},"modified":"2024-11-10T13:19:50","modified_gmt":"2024-11-10T11:19:50","slug":"the-verd-di-list","status":"publish","type":"page","link":"https:\/\/www.verdi-tu.de\/wordpress\/staff-council-election-2024\/the-verd-di-list\/","title":{"rendered":"The verd.di list"},"content":{"rendered":"<p><a href=\"https:\/\/www.verdi-tu.de\/wordpress\/staff-council-election-2024\/the-verd-di-list\/\"><img loading=\"lazy\" decoding=\"async\" class=\"alignright wp-image-1932\" src=\"https:\/\/www.verdi-tu.de\/wordpress\/wp-content\/uploads\/Screen-Shot-2015-05-04-at-21.55.49-300x149.png\" alt=\"\" width=\"40\" height=\"20\" srcset=\"https:\/\/www.verdi-tu.de\/wordpress\/wp-content\/uploads\/Screen-Shot-2015-05-04-at-21.55.49-300x149.png 300w, https:\/\/www.verdi-tu.de\/wordpress\/wp-content\/uploads\/Screen-Shot-2015-05-04-at-21.55.49.png 751w\" sizes=\"auto, (max-width: 40px) 100vw, 40px\" \/><\/a><a href=\"https:\/\/www.verdi-tu.de\/wordpress\/personalratswahlen2024\/die-ver-di-liste\/\"><img loading=\"lazy\" decoding=\"async\" class=\"alignright wp-image-1933\" src=\"https:\/\/www.verdi-tu.de\/wordpress\/wp-content\/uploads\/germany-flag-german-flag-large-jmnWRx-300x180.jpg\" alt=\"\" width=\"33\" height=\"20\" srcset=\"https:\/\/www.verdi-tu.de\/wordpress\/wp-content\/uploads\/germany-flag-german-flag-large-jmnWRx-300x180.jpg 300w, https:\/\/www.verdi-tu.de\/wordpress\/wp-content\/uploads\/germany-flag-german-flag-large-jmnWRx-1024x614.jpg 1024w, https:\/\/www.verdi-tu.de\/wordpress\/wp-content\/uploads\/germany-flag-german-flag-large-jmnWRx-768x461.jpg 768w, https:\/\/www.verdi-tu.de\/wordpress\/wp-content\/uploads\/germany-flag-german-flag-large-jmnWRx.jpg 1200w\" sizes=\"auto, (max-width: 33px) 100vw, 33px\" \/><\/a><strong>Employee Candidates<\/strong><\/p>\n<p>We are 24 colleagues on the ver.di list 2024 from different departments of TU Berlin. <span lang=\"en-US\">Our list is as diverse as the employees we represent: we are younger and older, active volunteers, with and without caregiving responsibilities, from all sectors of TU\u2014technology, administration, services, and academia. We believe that this diversity, with its various expertise, interests, and experiences, is our list\u2019s strength!<\/span><\/p>\n<div id=\"meta-origin\" data-coolorigin=\"https%3A%2F%2Foffice.tools.tubcloud.tu-berlin.de%2Fcool%2Fclipboard%3FWOPISrc%3Dhttps%253A%252F%252Ftubcloud.tu-berlin.de%252Findex.php%252Fapps%252Frichdocuments%252Fwopi%252Ffiles%252F4150839946_514c7a36e9080%26ServerId%3D9a70f648%26ViewId%3D4%26Tag%3Daa75c3f527f28309\">\n<p><span lang=\"en-US\">Choose ver.di for this diversity!<\/span><\/p>\n<\/div>\n<table>\n<tbody>\n<tr>\n<td>1.<\/td>\n<td><img loading=\"lazy\" decoding=\"async\" class=\"alignleft wp-image-1456\" src=\"https:\/\/www.verdi-tu.de\/wordpress\/wp-content\/uploads\/20200928polentz016-1024x731.jpg\" alt=\"\" width=\"1250\" height=\"893\" srcset=\"https:\/\/www.verdi-tu.de\/wordpress\/wp-content\/uploads\/20200928polentz016-1024x731.jpg 1024w, https:\/\/www.verdi-tu.de\/wordpress\/wp-content\/uploads\/20200928polentz016-300x214.jpg 300w, https:\/\/www.verdi-tu.de\/wordpress\/wp-content\/uploads\/20200928polentz016-768x549.jpg 768w, https:\/\/www.verdi-tu.de\/wordpress\/wp-content\/uploads\/20200928polentz016-1536x1097.jpg 1536w, https:\/\/www.verdi-tu.de\/wordpress\/wp-content\/uploads\/20200928polentz016-2048x1463.jpg 2048w\" sizes=\"auto, (max-width: 1250px) 100vw, 1250px\" \/><\/td>\n<td><strong>Stefanie Nickel<br \/>\n<\/strong>ZUV, Strategic ControllingIch m\u00f6chte weiterhin das gro\u00dfe Ganze betrachten, \u00fcber den Tellerrand blicken und Ihnen auch individuell zur Seite stehen.<\/td>\n<td>2.<\/td>\n<td><img loading=\"lazy\" decoding=\"async\" class=\"alignleft wp-image-1745\" src=\"https:\/\/www.verdi-tu.de\/wordpress\/wp-content\/uploads\/20200928polentz020-1-1024x731.jpg\" alt=\"\" width=\"1250\" height=\"893\" srcset=\"https:\/\/www.verdi-tu.de\/wordpress\/wp-content\/uploads\/20200928polentz020-1-1024x731.jpg 1024w, https:\/\/www.verdi-tu.de\/wordpress\/wp-content\/uploads\/20200928polentz020-1-300x214.jpg 300w, https:\/\/www.verdi-tu.de\/wordpress\/wp-content\/uploads\/20200928polentz020-1-768x549.jpg 768w, https:\/\/www.verdi-tu.de\/wordpress\/wp-content\/uploads\/20200928polentz020-1-1536x1097.jpg 1536w, https:\/\/www.verdi-tu.de\/wordpress\/wp-content\/uploads\/20200928polentz020-1-2048x1463.jpg 2048w\" sizes=\"auto, (max-width: 1250px) 100vw, 1250px\" \/><\/td>\n<td><strong>Nicole Kosmider<br \/>\n<\/strong>ZUV, Department IVIch m\u00f6chte mich auch k\u00fcnftig f\u00fcr eine transparentere und gerechtere Eingruppierung einsetzen.<\/td>\n<\/tr>\n<tr>\n<td>3.<\/td>\n<td><img loading=\"lazy\" decoding=\"async\" class=\"alignleft wp-image-1459\" src=\"https:\/\/www.verdi-tu.de\/wordpress\/wp-content\/uploads\/20200928polentz036-300x214.jpg\" alt=\"\" width=\"1250\" height=\"893\" srcset=\"https:\/\/www.verdi-tu.de\/wordpress\/wp-content\/uploads\/20200928polentz036-300x214.jpg 300w, https:\/\/www.verdi-tu.de\/wordpress\/wp-content\/uploads\/20200928polentz036-1024x731.jpg 1024w, https:\/\/www.verdi-tu.de\/wordpress\/wp-content\/uploads\/20200928polentz036-768x549.jpg 768w, https:\/\/www.verdi-tu.de\/wordpress\/wp-content\/uploads\/20200928polentz036-1536x1097.jpg 1536w, https:\/\/www.verdi-tu.de\/wordpress\/wp-content\/uploads\/20200928polentz036-2048x1463.jpg 2048w\" sizes=\"auto, (max-width: 1250px) 100vw, 1250px\" \/><\/td>\n<td><strong>Carsten Drinkewitz<br \/>\n<\/strong>Center for CampusmanagementSome men dream of worthy accomplishments, while others stay awake and do them.<\/td>\n<td>4.<\/td>\n<td><img loading=\"lazy\" decoding=\"async\" class=\"alignleft wp-image-1585\" src=\"https:\/\/www.verdi-tu.de\/wordpress\/wp-content\/uploads\/20200928polentz008-1024x732.jpg\" alt=\"\" width=\"1250\" height=\"893\" srcset=\"https:\/\/www.verdi-tu.de\/wordpress\/wp-content\/uploads\/20200928polentz008-1024x732.jpg 1024w, https:\/\/www.verdi-tu.de\/wordpress\/wp-content\/uploads\/20200928polentz008-300x214.jpg 300w, https:\/\/www.verdi-tu.de\/wordpress\/wp-content\/uploads\/20200928polentz008-768x549.jpg 768w, https:\/\/www.verdi-tu.de\/wordpress\/wp-content\/uploads\/20200928polentz008-1536x1097.jpg 1536w, https:\/\/www.verdi-tu.de\/wordpress\/wp-content\/uploads\/20200928polentz008-2048x1463.jpg 2048w\" sizes=\"auto, (max-width: 1250px) 100vw, 1250px\" \/><\/td>\n<td><strong>Jessica Bathke<br \/>\n<\/strong>Faculty IMenschen mit einer neuen Idee gelten solange als Spinner, bis sich die Sache durchgesetzt hat. (Mark Twain)<\/td>\n<\/tr>\n<tr>\n<td>5.<\/td>\n<td><img loading=\"lazy\" decoding=\"async\" class=\"alignleft wp-image-1594\" src=\"https:\/\/www.verdi-tu.de\/wordpress\/wp-content\/uploads\/20200928polentz032-300x214.jpg\" alt=\"\" width=\"1250\" height=\"893\" srcset=\"https:\/\/www.verdi-tu.de\/wordpress\/wp-content\/uploads\/20200928polentz032-300x214.jpg 300w, https:\/\/www.verdi-tu.de\/wordpress\/wp-content\/uploads\/20200928polentz032-1024x731.jpg 1024w, https:\/\/www.verdi-tu.de\/wordpress\/wp-content\/uploads\/20200928polentz032-768x548.jpg 768w, https:\/\/www.verdi-tu.de\/wordpress\/wp-content\/uploads\/20200928polentz032-1536x1097.jpg 1536w, https:\/\/www.verdi-tu.de\/wordpress\/wp-content\/uploads\/20200928polentz032-2048x1463.jpg 2048w\" sizes=\"auto, (max-width: 1250px) 100vw, 1250px\" \/><\/td>\n<td><strong>Janina Kurth<br \/>\n<\/strong>ZUV, Department IWenn der Wind der Ver\u00e4nderung weht, bauen die einen Mauern, die anderen setzen Segel. (Chinesisches Sprichwort)<\/td>\n<td>6.<\/td>\n<td><img loading=\"lazy\" decoding=\"async\" class=\"alignleft wp-image-1587\" src=\"https:\/\/www.verdi-tu.de\/wordpress\/wp-content\/uploads\/20200928polentz012-300x214.jpg\" alt=\"\" width=\"1250\" height=\"893\" \/><\/td>\n<td><strong>Andr\u00e9 Backoff<br \/>\n<\/strong>Faculty IIISeien wir realistisch, versuchen wir das Unm\u00f6gliche. (Che Guevara)<\/td>\n<\/tr>\n<tr>\n<td>7.<\/td>\n<td><img loading=\"lazy\" decoding=\"async\" class=\"alignleft wp-image-1599\" src=\"https:\/\/www.verdi-tu.de\/wordpress\/wp-content\/uploads\/20201012polentz009-300x214.jpg\" alt=\"\" width=\"1250\" height=\"893\" srcset=\"https:\/\/www.verdi-tu.de\/wordpress\/wp-content\/uploads\/20201012polentz009-300x214.jpg 300w, https:\/\/www.verdi-tu.de\/wordpress\/wp-content\/uploads\/20201012polentz009-1024x731.jpg 1024w, https:\/\/www.verdi-tu.de\/wordpress\/wp-content\/uploads\/20201012polentz009-768x549.jpg 768w, https:\/\/www.verdi-tu.de\/wordpress\/wp-content\/uploads\/20201012polentz009-1536x1097.jpg 1536w, https:\/\/www.verdi-tu.de\/wordpress\/wp-content\/uploads\/20201012polentz009-2048x1463.jpg 2048w\" sizes=\"auto, (max-width: 1250px) 100vw, 1250px\" \/><\/td>\n<td><strong>Jocelyn Keller<br \/>\n<\/strong>Modern Languages CenterI&#8217;m for transparency. I&#8217;m for honesty. I&#8217;m for mutual respect for all.<\/td>\n<td>8.<\/td>\n<td><img loading=\"lazy\" decoding=\"async\" class=\"alignleft wp-image-1592\" src=\"https:\/\/www.verdi-tu.de\/wordpress\/wp-content\/uploads\/20200928polentz028-300x214.jpg\" alt=\"\" width=\"1250\" height=\"893\" srcset=\"https:\/\/www.verdi-tu.de\/wordpress\/wp-content\/uploads\/20200928polentz028-300x214.jpg 300w, https:\/\/www.verdi-tu.de\/wordpress\/wp-content\/uploads\/20200928polentz028-1024x732.jpg 1024w, https:\/\/www.verdi-tu.de\/wordpress\/wp-content\/uploads\/20200928polentz028-768x549.jpg 768w, https:\/\/www.verdi-tu.de\/wordpress\/wp-content\/uploads\/20200928polentz028-1536x1097.jpg 1536w, https:\/\/www.verdi-tu.de\/wordpress\/wp-content\/uploads\/20200928polentz028-2048x1463.jpg 2048w\" sizes=\"auto, (max-width: 1250px) 100vw, 1250px\" \/><\/td>\n<td><strong>Peter Jaeck<br \/>\n<\/strong>Faculty IVDie gro\u00dfen Erfolge beginnen dort, wo man sich auch vor der kleinen Verantwortung nicht dr\u00fcckt. (Hermann Neuberger)<\/td>\n<\/tr>\n<tr>\n<td>9.<\/td>\n<td><img loading=\"lazy\" decoding=\"async\" class=\"alignleft wp-image-1590\" src=\"https:\/\/www.verdi-tu.de\/wordpress\/wp-content\/uploads\/20200928polentz021-300x214.jpg\" alt=\"\" width=\"1250\" height=\"893\" srcset=\"https:\/\/www.verdi-tu.de\/wordpress\/wp-content\/uploads\/20200928polentz021-300x214.jpg 300w, https:\/\/www.verdi-tu.de\/wordpress\/wp-content\/uploads\/20200928polentz021-1024x731.jpg 1024w, https:\/\/www.verdi-tu.de\/wordpress\/wp-content\/uploads\/20200928polentz021-768x549.jpg 768w, https:\/\/www.verdi-tu.de\/wordpress\/wp-content\/uploads\/20200928polentz021-1536x1097.jpg 1536w, https:\/\/www.verdi-tu.de\/wordpress\/wp-content\/uploads\/20200928polentz021-2048x1463.jpg 2048w\" sizes=\"auto, (max-width: 1250px) 100vw, 1250px\" \/><\/td>\n<td><strong>Nebia Horri<br \/>\n<\/strong>ZUV, Department IVIch besch\u00e4ftige mich nicht mit dem, was getan worden ist. Mich interessiert, was getan werden muss. (Marie Curie)<\/td>\n<td>10.<\/td>\n<td><img loading=\"lazy\" decoding=\"async\" class=\"alignleft wp-image-1752\" src=\"https:\/\/www.verdi-tu.de\/wordpress\/wp-content\/uploads\/20200928polentz001-1024x732.jpg\" alt=\"\" width=\"1250\" height=\"893\" srcset=\"https:\/\/www.verdi-tu.de\/wordpress\/wp-content\/uploads\/20200928polentz001-1024x732.jpg 1024w, https:\/\/www.verdi-tu.de\/wordpress\/wp-content\/uploads\/20200928polentz001-300x214.jpg 300w, https:\/\/www.verdi-tu.de\/wordpress\/wp-content\/uploads\/20200928polentz001-768x549.jpg 768w, https:\/\/www.verdi-tu.de\/wordpress\/wp-content\/uploads\/20200928polentz001-1536x1097.jpg 1536w, https:\/\/www.verdi-tu.de\/wordpress\/wp-content\/uploads\/20200928polentz001-2048x1463.jpg 2048w\" sizes=\"auto, (max-width: 1250px) 100vw, 1250px\" \/><\/td>\n<td><strong>Martin Trinkaus<br \/>\n<\/strong>Faculty IIIF\u00fcr mehr Transparenz \u201eWer nichts wei\u00df, der muss Glauben&#8220;!<\/td>\n<\/tr>\n<tr>\n<td>11.<\/td>\n<td><\/td>\n<td><strong>Mandy Berndes<br \/>\n<\/strong>ZUV, Department IF\u00fcr angemessene Bezahlung und Wertsch\u00e4tzung &#8211; denn wer beides bekommt leistet besseres.<\/td>\n<td>12.<\/td>\n<td><img loading=\"lazy\" decoding=\"async\" class=\"alignleft wp-image-1475\" src=\"https:\/\/www.verdi-tu.de\/wordpress\/wp-content\/uploads\/20200928polentz009-300x214.jpg\" alt=\"\" width=\"1250\" height=\"893\" srcset=\"https:\/\/www.verdi-tu.de\/wordpress\/wp-content\/uploads\/20200928polentz009-300x214.jpg 300w, https:\/\/www.verdi-tu.de\/wordpress\/wp-content\/uploads\/20200928polentz009-1024x732.jpg 1024w, https:\/\/www.verdi-tu.de\/wordpress\/wp-content\/uploads\/20200928polentz009-768x549.jpg 768w, https:\/\/www.verdi-tu.de\/wordpress\/wp-content\/uploads\/20200928polentz009-1536x1097.jpg 1536w, https:\/\/www.verdi-tu.de\/wordpress\/wp-content\/uploads\/20200928polentz009-2048x1463.jpg 2048w\" sizes=\"auto, (max-width: 1250px) 100vw, 1250px\" \/><\/td>\n<td><strong>Nico Rudolph<br \/>\n<\/strong>ZUV, Office of Communication, Events and AlumniMehr als die Vergangenheit interessiert mich die Zukunft, denn in ihr gedenke ich zu leben. (Albert Einstein)<\/td>\n<\/tr>\n<tr>\n<td>13.<\/td>\n<td><img loading=\"lazy\" decoding=\"async\" class=\"alignleft wp-image-1584\" src=\"https:\/\/www.verdi-tu.de\/wordpress\/wp-content\/uploads\/20200928polentz005-300x214.jpg\" alt=\"\" width=\"1250\" height=\"893\" \/><\/td>\n<td><strong>Jan L\u00fcbbe<br \/>\n<\/strong>Faculty VMan merkt nie, was schon getan wurde, man sieht immer nur, was noch zu tun bleibt. (Marie Curie)<\/td>\n<td>14.<\/td>\n<td><\/td>\n<td><strong>Silke M\u00fcllers<br \/>\n<\/strong>Faculty IIIWorte sagen viel, Taten die Wahrheit.<\/td>\n<\/tr>\n<tr>\n<td>15.<\/td>\n<td><img loading=\"lazy\" decoding=\"async\" class=\"alignleft wp-image-1593\" src=\"https:\/\/www.verdi-tu.de\/wordpress\/wp-content\/uploads\/20200928polentz029-300x214.jpg\" alt=\"\" width=\"1250\" height=\"893\" srcset=\"https:\/\/www.verdi-tu.de\/wordpress\/wp-content\/uploads\/20200928polentz029-300x214.jpg 300w, https:\/\/www.verdi-tu.de\/wordpress\/wp-content\/uploads\/20200928polentz029-1024x731.jpg 1024w, https:\/\/www.verdi-tu.de\/wordpress\/wp-content\/uploads\/20200928polentz029-768x549.jpg 768w, https:\/\/www.verdi-tu.de\/wordpress\/wp-content\/uploads\/20200928polentz029-1536x1097.jpg 1536w, https:\/\/www.verdi-tu.de\/wordpress\/wp-content\/uploads\/20200928polentz029-2048x1463.jpg 2048w\" sizes=\"auto, (max-width: 1250px) 100vw, 1250px\" \/><\/td>\n<td><strong>Gabriele Meuser<br \/>\n<\/strong>Faculty IIIDamit Wertsch\u00e4tzung nicht nur ein Schlagwort bleibt.<\/td>\n<td>16.<\/td>\n<td><img loading=\"lazy\" decoding=\"async\" class=\"alignleft wp-image-1630\" src=\"https:\/\/www.verdi-tu.de\/wordpress\/wp-content\/uploads\/20201012polentz004-1024x731.jpg\" alt=\"\" width=\"1250\" height=\"893\" \/><\/td>\n<td><strong>Mirko \u00dcckert<br \/>\n<\/strong>ZI School of Education (SETUB)F\u00fcr mehr Exzellenz bei den Besch\u00e4ftigungsbedingungen.<\/td>\n<\/tr>\n<tr>\n<td>17.<\/td>\n<td><img loading=\"lazy\" decoding=\"async\" class=\"alignleft wp-image-1583\" src=\"https:\/\/www.verdi-tu.de\/wordpress\/wp-content\/uploads\/20200928polentz003-300x214.jpg\" alt=\"\" width=\"1250\" height=\"893\" srcset=\"https:\/\/www.verdi-tu.de\/wordpress\/wp-content\/uploads\/20200928polentz003-300x214.jpg 300w, https:\/\/www.verdi-tu.de\/wordpress\/wp-content\/uploads\/20200928polentz003-1024x731.jpg 1024w, https:\/\/www.verdi-tu.de\/wordpress\/wp-content\/uploads\/20200928polentz003-768x549.jpg 768w, https:\/\/www.verdi-tu.de\/wordpress\/wp-content\/uploads\/20200928polentz003-1536x1097.jpg 1536w, https:\/\/www.verdi-tu.de\/wordpress\/wp-content\/uploads\/20200928polentz003-2048x1463.jpg 2048w\" sizes=\"auto, (max-width: 1250px) 100vw, 1250px\" \/><\/td>\n<td><strong>Johanna Hembd<br \/>\n<\/strong>Faculty IGuter Lohn f\u00fcr gute Arbeit &#8211; gegen das Prekariat im Sekretariat!<\/td>\n<td>18.<\/td>\n<td><img loading=\"lazy\" decoding=\"async\" class=\"alignleft wp-image-1749\" src=\"https:\/\/www.verdi-tu.de\/wordpress\/wp-content\/uploads\/20201012polentz007-1024x732.jpg\" alt=\"\" width=\"1250\" height=\"893\" srcset=\"https:\/\/www.verdi-tu.de\/wordpress\/wp-content\/uploads\/20201012polentz007-1024x732.jpg 1024w, https:\/\/www.verdi-tu.de\/wordpress\/wp-content\/uploads\/20201012polentz007-300x214.jpg 300w, https:\/\/www.verdi-tu.de\/wordpress\/wp-content\/uploads\/20201012polentz007-768x549.jpg 768w, https:\/\/www.verdi-tu.de\/wordpress\/wp-content\/uploads\/20201012polentz007-1536x1097.jpg 1536w, https:\/\/www.verdi-tu.de\/wordpress\/wp-content\/uploads\/20201012polentz007-2048x1463.jpg 2048w\" sizes=\"auto, (max-width: 1250px) 100vw, 1250px\" \/><\/td>\n<td><strong>Luise Spreer<br \/>\n<\/strong>Faculty II<\/td>\n<\/tr>\n<tr>\n<td>19.<\/td>\n<td><img loading=\"lazy\" decoding=\"async\" class=\"alignleft wp-image-1634\" src=\"https:\/\/www.verdi-tu.de\/wordpress\/wp-content\/uploads\/20200928polentz034-1-1024x731.jpg\" alt=\"\" width=\"1250\" height=\"893\" srcset=\"https:\/\/www.verdi-tu.de\/wordpress\/wp-content\/uploads\/20200928polentz034-1-1024x731.jpg 1024w, https:\/\/www.verdi-tu.de\/wordpress\/wp-content\/uploads\/20200928polentz034-1-300x214.jpg 300w, https:\/\/www.verdi-tu.de\/wordpress\/wp-content\/uploads\/20200928polentz034-1-768x549.jpg 768w, https:\/\/www.verdi-tu.de\/wordpress\/wp-content\/uploads\/20200928polentz034-1-1536x1097.jpg 1536w, https:\/\/www.verdi-tu.de\/wordpress\/wp-content\/uploads\/20200928polentz034-1-2048x1463.jpg 2048w\" sizes=\"auto, (max-width: 1250px) 100vw, 1250px\" \/><\/td>\n<td><strong>Katharina Hubert<br \/>\n<\/strong>University LibraryGenug geschaukelt.<\/td>\n<td>20.<\/td>\n<td><\/td>\n<td><strong>Pascal Daniel<br \/>\n<\/strong>ZUV, Department I<\/td>\n<\/tr>\n<tr>\n<td>21.<\/td>\n<td><\/td>\n<td><strong>Sascha Kubath<br \/>\n<\/strong>ZUV, Strategic ControllingLass Deine Kolleg*innen nicht im Regen stehen, denn Wertsch\u00e4tzung ist auch keine Einbahnstrasse.<\/td>\n<td>22.<\/td>\n<td><a href=\"https:\/\/www.verdi-tu.de\/wordpress\/wp-content\/uploads\/20200928polentz013-scaled.jpg\"><img loading=\"lazy\" decoding=\"async\" class=\"alignleft wp-image-1746\" src=\"https:\/\/www.verdi-tu.de\/wordpress\/wp-content\/uploads\/20200928polentz013-1024x731.jpg\" alt=\"\" width=\"1250\" height=\"893\" srcset=\"https:\/\/www.verdi-tu.de\/wordpress\/wp-content\/uploads\/20200928polentz013-1024x731.jpg 1024w, https:\/\/www.verdi-tu.de\/wordpress\/wp-content\/uploads\/20200928polentz013-300x214.jpg 300w, https:\/\/www.verdi-tu.de\/wordpress\/wp-content\/uploads\/20200928polentz013-768x548.jpg 768w, https:\/\/www.verdi-tu.de\/wordpress\/wp-content\/uploads\/20200928polentz013-1536x1097.jpg 1536w, https:\/\/www.verdi-tu.de\/wordpress\/wp-content\/uploads\/20200928polentz013-2048x1463.jpg 2048w\" sizes=\"auto, (max-width: 1250px) 100vw, 1250px\" \/><\/a><\/td>\n<td><strong>Tom Vogel<br \/>\n<\/strong>Faculty II<\/td>\n<\/tr>\n<tr>\n<td>23.<\/td>\n<td><\/td>\n<td><strong>Wulf-Holger Arndt<br \/>\n<\/strong>Center for Technology and SocietyWissenschaftler*in ist ein Beruf und keine zeitweise Nebent\u00e4tigkeit. Gute Arbeitsbedingungen und -vertr\u00e4ge f\u00fcr gute Leistung!<\/td>\n<td><\/td>\n<td><\/td>\n<td><\/td>\n<\/tr>\n<\/tbody>\n<\/table>\n<p><strong>Official Candidates<\/strong><\/p>\n<table>\n<tbody>\n<tr>\n<td>1.<\/td>\n<td><img loading=\"lazy\" decoding=\"async\" class=\"alignleft wp-image-1589\" src=\"https:\/\/www.verdi-tu.de\/wordpress\/wp-content\/uploads\/20200928polentz018-300x214.jpg\" alt=\"\" width=\"650\" height=\"464\" srcset=\"https:\/\/www.verdi-tu.de\/wordpress\/wp-content\/uploads\/20200928polentz018-300x214.jpg 300w, https:\/\/www.verdi-tu.de\/wordpress\/wp-content\/uploads\/20200928polentz018-1024x732.jpg 1024w, https:\/\/www.verdi-tu.de\/wordpress\/wp-content\/uploads\/20200928polentz018-768x549.jpg 768w, https:\/\/www.verdi-tu.de\/wordpress\/wp-content\/uploads\/20200928polentz018-1536x1097.jpg 1536w, https:\/\/www.verdi-tu.de\/wordpress\/wp-content\/uploads\/20200928polentz018-2048x1463.jpg 2048w\" sizes=\"auto, (max-width: 650px) 100vw, 650px\" \/><\/td>\n<td><strong>Janka Neubauer<br \/>\n<\/strong>ZUV, International OfficeIch m\u00f6chte Sie weiter individuell beraten und m\u00f6glichst gut vertreten &#8211; auch und gerade wenn wir TU-Beamt*innen immer weniger werden. \ud83d\ude42<\/td>\n<td>2.<\/td>\n<td><img loading=\"lazy\" decoding=\"async\" class=\"alignleft wp-image-1598\" src=\"https:\/\/www.verdi-tu.de\/wordpress\/wp-content\/uploads\/20201012polentz005-1024x731.jpg\" alt=\"\" width=\"650\" height=\"464\" srcset=\"https:\/\/www.verdi-tu.de\/wordpress\/wp-content\/uploads\/20201012polentz005-1024x731.jpg 1024w, https:\/\/www.verdi-tu.de\/wordpress\/wp-content\/uploads\/20201012polentz005-300x214.jpg 300w, https:\/\/www.verdi-tu.de\/wordpress\/wp-content\/uploads\/20201012polentz005-768x549.jpg 768w, https:\/\/www.verdi-tu.de\/wordpress\/wp-content\/uploads\/20201012polentz005-1536x1097.jpg 1536w, https:\/\/www.verdi-tu.de\/wordpress\/wp-content\/uploads\/20201012polentz005-2048x1463.jpg 2048w\" sizes=\"auto, (max-width: 650px) 100vw, 650px\" \/><\/td>\n<td><strong>Andreas Schmidt<br \/>\n<\/strong>Center for CampusmanagementComputer sind nutzlos. Sie k\u00f6nnen nur Antworten geben. (Pablo Picasso)<\/td>\n<\/tr>\n<tr>\n<td>3.<\/td>\n<td><img loading=\"lazy\" decoding=\"async\" class=\"alignleft wp-image-1632\" src=\"https:\/\/www.verdi-tu.de\/wordpress\/wp-content\/uploads\/20200928polentz025-1024x731.jpg\" alt=\"\" width=\"650\" height=\"464\" srcset=\"https:\/\/www.verdi-tu.de\/wordpress\/wp-content\/uploads\/20200928polentz025-1024x731.jpg 1024w, https:\/\/www.verdi-tu.de\/wordpress\/wp-content\/uploads\/20200928polentz025-300x214.jpg 300w, https:\/\/www.verdi-tu.de\/wordpress\/wp-content\/uploads\/20200928polentz025-768x549.jpg 768w, https:\/\/www.verdi-tu.de\/wordpress\/wp-content\/uploads\/20200928polentz025-1536x1097.jpg 1536w, https:\/\/www.verdi-tu.de\/wordpress\/wp-content\/uploads\/20200928polentz025-2048x1463.jpg 2048w\" sizes=\"auto, (max-width: 650px) 100vw, 650px\" \/><\/td>\n<td><strong>Karin Groth<br \/>\n<\/strong>Faculty IGemeinsam sind wir stark &#8211; packen wir&#8217;s gemeinsam an!<\/td>\n<td>4.<\/td>\n<td><img loading=\"lazy\" decoding=\"async\" class=\"alignleft wp-image-1591\" src=\"https:\/\/www.verdi-tu.de\/wordpress\/wp-content\/uploads\/20200928polentz024-1024x732.jpg\" alt=\"\" width=\"650\" height=\"464\" srcset=\"https:\/\/www.verdi-tu.de\/wordpress\/wp-content\/uploads\/20200928polentz024-1024x732.jpg 1024w, https:\/\/www.verdi-tu.de\/wordpress\/wp-content\/uploads\/20200928polentz024-300x214.jpg 300w, https:\/\/www.verdi-tu.de\/wordpress\/wp-content\/uploads\/20200928polentz024-768x549.jpg 768w, https:\/\/www.verdi-tu.de\/wordpress\/wp-content\/uploads\/20200928polentz024-1536x1097.jpg 1536w, https:\/\/www.verdi-tu.de\/wordpress\/wp-content\/uploads\/20200928polentz024-2048x1463.jpg 2048w\" sizes=\"auto, (max-width: 650px) 100vw, 650px\" \/><\/td>\n<td><strong>Eva Reblin<br \/>\n<\/strong>University LibraryInjustice anywhere is a threat to justice everywhere. (Martin Luther King)<\/td>\n<\/tr>\n<\/tbody>\n<\/table>\n<p>&nbsp;<\/p>\n<p style=\"text-align: center;\"><a href=\"https:\/\/www.verdi-tu.de\/wordpress\/wp-content\/uploads\/Slogan.jpg\"><img loading=\"lazy\" decoding=\"async\" class=\"wp-image-1707 aligncenter\" src=\"https:\/\/www.verdi-tu.de\/wordpress\/wp-content\/uploads\/Slogan-1024x83.jpg\" alt=\"\" width=\"525\" height=\"43\" srcset=\"https:\/\/www.verdi-tu.de\/wordpress\/wp-content\/uploads\/Slogan-1024x83.jpg 1024w, https:\/\/www.verdi-tu.de\/wordpress\/wp-content\/uploads\/Slogan-300x24.jpg 300w, https:\/\/www.verdi-tu.de\/wordpress\/wp-content\/uploads\/Slogan-768x62.jpg 768w, https:\/\/www.verdi-tu.de\/wordpress\/wp-content\/uploads\/Slogan-1536x125.jpg 1536w, https:\/\/www.verdi-tu.de\/wordpress\/wp-content\/uploads\/Slogan.jpg 1796w\" sizes=\"auto, (max-width: 525px) 100vw, 525px\" \/><\/a><\/p>\n<table>\n<tbody>\n<tr>\n<td style=\"text-align: center;\"><a href=\"https:\/\/www.verdi-tu.de\/wordpress\/staff-council-election-2020\/appreciation\/\" target=\"_blank\" rel=\"noopener noreferrer\">Appreciation<\/a><\/td>\n<td style=\"text-align: center;\"><a href=\"https:\/\/www.verdi-tu.de\/wordpress\/staff-council-election-2020\/digital-teaching\/\" target=\"_blank\" rel=\"noopener noreferrer\">Digital Teaching<\/a><\/td>\n<td style=\"text-align: center;\"><a href=\"https:\/\/www.verdi-tu.de\/wordpress\/staff-council-election-2020\/digitization\/\" target=\"_blank\" rel=\"noopener noreferrer\">Digitization<\/a><\/td>\n<\/tr>\n<tr>\n<td style=\"text-align: center;\"><a href=\"https:\/\/www.verdi-tu.de\/wordpress\/staff-council-election-2020\/home-office-equipment\/\" target=\"_blank\" rel=\"noopener noreferrer\">Home Office Equipment<\/a><\/td>\n<td style=\"text-align: center;\"><a href=\"https:\/\/www.verdi-tu.de\/wordpress\/staff-council-election-2020\/it-administrator-staffing\/\" target=\"_blank\" rel=\"noopener noreferrer\">IT Admin Staffing<\/a><\/td>\n<td style=\"text-align: center;\"><a href=\"https:\/\/www.verdi-tu.de\/wordpress\/staff-council-election-2020\/personnel-development\/\" target=\"_blank\" rel=\"noopener noreferrer\">Personnel Development<\/a><\/td>\n<\/tr>\n<tr>\n<td style=\"text-align: center;\"><a href=\"https:\/\/www.verdi-tu.de\/wordpress\/staff-council-election-2020\/personnel-retention-and-acquisition\/\" target=\"_blank\" rel=\"noopener noreferrer\">Personnel Retention and Acquisition<\/a><\/td>\n<td style=\"text-align: center;\"><a href=\"https:\/\/www.verdi-tu.de\/wordpress\/personalratswahlen2020\/verbesserung-der-eingruppierung\/\" target=\"_blank\" rel=\"noopener noreferrer\">Wage Classification Improvement<\/a><br \/>\n(German Audio)<\/td>\n<td style=\"text-align: center;\"><a href=\"https:\/\/www.verdi-tu.de\/wordpress\/staff-council-election-2020\/workplace-design\/\" target=\"_blank\" rel=\"noopener noreferrer\">Workplace Design<\/a><\/td>\n<\/tr>\n<\/tbody>\n<\/table>\n","protected":false},"excerpt":{"rendered":"<p>Employee Candidates We are 24 colleagues on the ver.di list 2024 from different departments of TU Berlin. Our list is&#8230;<\/p>\n","protected":false},"author":6,"featured_media":0,"parent":1834,"menu_order":0,"comment_status":"closed","ping_status":"closed","template":"","meta":{"footnotes":""},"class_list":["post-1838","page","type-page","status-publish","hentry"],"_links":{"self":[{"href":"https:\/\/www.verdi-tu.de\/wordpress\/wp-json\/wp\/v2\/pages\/1838","targetHints":{"allow":["GET"]}}],"collection":[{"href":"https:\/\/www.verdi-tu.de\/wordpress\/wp-json\/wp\/v2\/pages"}],"about":[{"href":"https:\/\/www.verdi-tu.de\/wordpress\/wp-json\/wp\/v2\/types\/page"}],"author":[{"embeddable":true,"href":"https:\/\/www.verdi-tu.de\/wordpress\/wp-json\/wp\/v2\/users\/6"}],"replies":[{"embeddable":true,"href":"https:\/\/www.verdi-tu.de\/wordpress\/wp-json\/wp\/v2\/comments?post=1838"}],"version-history":[{"count":17,"href":"https:\/\/www.verdi-tu.de\/wordpress\/wp-json\/wp\/v2\/pages\/1838\/revisions"}],"predecessor-version":[{"id":2914,"href":"https:\/\/www.verdi-tu.de\/wordpress\/wp-json\/wp\/v2\/pages\/1838\/revisions\/2914"}],"up":[{"embeddable":true,"href":"https:\/\/www.verdi-tu.de\/wordpress\/wp-json\/wp\/v2\/pages\/1834"}],"wp:attachment":[{"href":"https:\/\/www.verdi-tu.de\/wordpress\/wp-json\/wp\/v2\/media?parent=1838"}],"curies":[{"name":"wp","href":"https:\/\/api.w.org\/{rel}","templated":true}]}}