{"id":1381,"date":"2020-09-13T14:29:32","date_gmt":"2020-09-13T12:29:32","guid":{"rendered":"http:\/\/www.verdi-tu.de\/wordpress\/?page_id=1381"},"modified":"2024-11-10T13:40:02","modified_gmt":"2024-11-10T11:40:02","slug":"digitalisierung","status":"publish","type":"page","link":"https:\/\/www.verdi-tu.de\/wordpress\/personalvertretung\/personalrat\/personalratswahlen2024\/digitalisierung\/","title":{"rendered":"Alles Digital &#8211; Alles besser?"},"content":{"rendered":"<p><a href=\"https:\/\/www.verdi-tu.de\/wordpress\/personalratswahlen2024\/digitalisierung\/\"><img loading=\"lazy\" decoding=\"async\" class=\"alignright wp-image-1933\" src=\"https:\/\/www.verdi-tu.de\/wordpress\/wp-content\/uploads\/germany-flag-german-flag-large-jmnWRx-300x180.jpg\" alt=\"\" width=\"33\" height=\"20\" srcset=\"https:\/\/www.verdi-tu.de\/wordpress\/wp-content\/uploads\/germany-flag-german-flag-large-jmnWRx-300x180.jpg 300w, https:\/\/www.verdi-tu.de\/wordpress\/wp-content\/uploads\/germany-flag-german-flag-large-jmnWRx-1024x614.jpg 1024w, https:\/\/www.verdi-tu.de\/wordpress\/wp-content\/uploads\/germany-flag-german-flag-large-jmnWRx-768x461.jpg 768w, https:\/\/www.verdi-tu.de\/wordpress\/wp-content\/uploads\/germany-flag-german-flag-large-jmnWRx.jpg 1200w\" sizes=\"auto, (max-width: 33px) 100vw, 33px\" \/><\/a><a href=\"https:\/\/www.verdi-tu.de\/wordpress\/staff-council-election-2024\/digitization\/\"><img loading=\"lazy\" decoding=\"async\" class=\"alignright wp-image-1932\" src=\"https:\/\/www.verdi-tu.de\/wordpress\/wp-content\/uploads\/Screen-Shot-2015-05-04-at-21.55.49-300x149.png\" alt=\"\" width=\"40\" height=\"20\" srcset=\"https:\/\/www.verdi-tu.de\/wordpress\/wp-content\/uploads\/Screen-Shot-2015-05-04-at-21.55.49-300x149.png 300w, https:\/\/www.verdi-tu.de\/wordpress\/wp-content\/uploads\/Screen-Shot-2015-05-04-at-21.55.49.png 751w\" sizes=\"auto, (max-width: 40px) 100vw, 40px\" \/><\/a>Die Digitalisierung unserer Arbeitspl\u00e4tze schreitet voran. Wir m\u00fcssen mitmachen und ihre Chancen f\u00fcr uns nutzen. Dabei ist es uns besonders wichtig, dass Besch\u00e4ftigte w\u00e4hrend des Prozesses begleitet werden.<\/p>\n<p>Nur so kann digitales Arbeiten sicher und effektiv werden.<img loading=\"lazy\" decoding=\"async\" class=\"alignright wp-image-1511 size-medium\" src=\"https:\/\/www.verdi-tu.de\/wordpress\/wp-content\/uploads\/IT_Computersmiley3-300x212.jpg\" alt=\"\" width=\"300\" height=\"212\" srcset=\"https:\/\/www.verdi-tu.de\/wordpress\/wp-content\/uploads\/IT_Computersmiley3-300x212.jpg 300w, https:\/\/www.verdi-tu.de\/wordpress\/wp-content\/uploads\/IT_Computersmiley3-1024x724.jpg 1024w, https:\/\/www.verdi-tu.de\/wordpress\/wp-content\/uploads\/IT_Computersmiley3-768x543.jpg 768w, https:\/\/www.verdi-tu.de\/wordpress\/wp-content\/uploads\/IT_Computersmiley3.jpg 1052w\" sizes=\"auto, (max-width: 300px) 100vw, 300px\" \/><br \/>\nMit seinen Bem\u00fchungen zur Implementierung der Telearbeit und des Mobilen Arbeitens (Homeoffice) hat der Personalrat bereits Weitsicht bewiesen. Sie waren richtig und werden in Zeiten der Fl\u00e4chenverdichtung nur weiter an Bedeutung gewinnen. Wir arbeiten deshalb an einer <b>\u00dcberarbeitung<\/b> und <b>Verbesserung<\/b> der Dienstvereinbarungen Mobiles Arbeiten und Telearbeit, um sie an aktuelle Gegebenheiten und Bed\u00fcrfnisse der Besch\u00e4ftigten anzupassen.<\/p>\n<p>Aus der Befragung der Besch\u00e4ftigten wird erkennbar, dass die Digitalisierung voranschreiten, die <b>technische Ausstattung<\/b> aber verbessert werden muss und der <b>Umfang<\/b> des Mobilen Arbeitens erh\u00f6ht werden sollte. Diese Forderung werden wir gegen\u00fcber der Leitung der Universit\u00e4t aufstellen.<\/p>\n<p>Der Personalrat der TU Berlin ist bei der Einf\u00fchrung neuer IT- Dienste an der TU Berlin im Sinne des Personalvertretungsgesetzes zu beteiligen.<\/p>\n<p>Im Personalrat stehen wir als ver.di-Liste f\u00fcr eine schnelle und effektive Begleitung bei der Einf\u00fchrung von IT Tools, die Ihr Arbeitsleben leichter machen. Gleichzeitig ist uns aber auch die <b>Sicherheit<\/b> Ihrer Daten wichtig. Somit ist die Einf\u00fchrung von IT Tools und darauf aufbauender Organisationsprozesse h\u00e4ufig ein Abw\u00e4gen verschiedener <b>Vor- und Nachteile<\/b>. Wir als ver.di Liste k\u00f6nnen hier entsprechenden Sachverstand einbringen und gegebenenfalls externe Experten schnell hinzuziehen.<\/p>\n<p><b>Somit stehen wir f\u00fcr:<\/b><\/p>\n<ul>\n<li>sichere und datenschutzkonforme TU Softwarel\u00f6sungen,<\/li>\n<li>gut in die TU Softwarelandschaft integrierbare L\u00f6sungen,<\/li>\n<li>Pr\u00fcfung von Open Source Alternativen im Sinne von Kostensenkungen\/Datenschutz\/Transparenz der Datenhaltung und des Sicherheitsniveaus,<\/li>\n<li>schlanke und lebbare Organisationsprozesse rund um IT- Ma\u00dfnahmen,<\/li>\n<li>barrierefreie IT &#8211; L\u00f6sungen<\/li>\n<li>nachhaltige L\u00f6sungen die f\u00fcr einen dauerhaften ausfallsicheren Betrieb ausgelegt sind<\/li>\n<li>Ausbau des Mobilen Arbeitens<\/li>\n<\/ul>\n<p style=\"text-align: center;\"><i><b>Darum, willst Du modern und digital an der TU arbeiten, w\u00e4hle ver.di!<\/b><\/i><\/p>\n<p style=\"text-align: center;\"><a href=\"https:\/\/www.verdi-tu.de\/wordpress\/wp-content\/uploads\/Slogan.jpg\"><img loading=\"lazy\" decoding=\"async\" class=\"wp-image-1707 aligncenter\" src=\"https:\/\/www.verdi-tu.de\/wordpress\/wp-content\/uploads\/Slogan-1024x83.jpg\" alt=\"\" width=\"525\" height=\"43\" srcset=\"https:\/\/www.verdi-tu.de\/wordpress\/wp-content\/uploads\/Slogan-1024x83.jpg 1024w, https:\/\/www.verdi-tu.de\/wordpress\/wp-content\/uploads\/Slogan-300x24.jpg 300w, https:\/\/www.verdi-tu.de\/wordpress\/wp-content\/uploads\/Slogan-768x62.jpg 768w, https:\/\/www.verdi-tu.de\/wordpress\/wp-content\/uploads\/Slogan-1536x125.jpg 1536w, https:\/\/www.verdi-tu.de\/wordpress\/wp-content\/uploads\/Slogan.jpg 1796w\" sizes=\"auto, (max-width: 525px) 100vw, 525px\" \/><\/a><\/p>\n<table>\n<tbody>\n<tr>\n<td style=\"text-align: center;\"><a href=\"https:\/\/www.verdi-tu.de\/wordpress\/personalratswahlen2020\/arbeitsplatzgestaltung\/\" target=\"_blank\" rel=\"noopener noreferrer\">Dein Arbeiplatz<\/a><\/td>\n<td style=\"text-align: center;\"><a href=\"https:\/\/www.verdi-tu.de\/wordpress\/personalvertretung\/personalrat\/personalratswahlen2024\/baulicher-zustand\/\">Baustelle TU<\/a><\/td>\n<td style=\"text-align: center;\"><a href=\"https:\/\/www.verdi-tu.de\/wordpress\/personalratswahlen2020\/digitale-lehre\/\" target=\"_blank\" rel=\"noopener noreferrer\">Leben als WiMi<\/a><\/td>\n<\/tr>\n<tr>\n<td style=\"text-align: center;\"><a href=\"https:\/\/www.verdi-tu.de\/wordpress\/personalratswahlen2020\/personalentwicklung\/\" target=\"_blank\" rel=\"noopener noreferrer\">Dein Arbeitsleben &#8211;<br \/>\nQuo vadis?<\/a><\/td>\n<td style=\"text-align: center;\"><a href=\"https:\/\/www.verdi-tu.de\/wordpress\/personalvertretung\/personalrat\/personalratswahlen2024\/das-grosse-kuerzen\/\">Das gro\u00dfe K\u00fcrzen?<\/a><\/td>\n<td style=\"text-align: center;\"><a href=\"https:\/\/www.verdi-tu.de\/wordpress\/personalvertretung\/personalrat\/personalratswahlen2024\/tu-verwaltung\/\">TU Verwaltung<\/a><\/td>\n<\/tr>\n<tr>\n<td style=\"text-align: center;\"><a href=\"https:\/\/www.verdi-tu.de\/wordpress\/personalratswahlen2024\/eingruppierung\/\">Verbesserung<br \/>\nEingruppierung<\/a><\/td>\n<td style=\"text-align: center;\"><\/td>\n<td style=\"text-align: center;\"><a href=\"https:\/\/www.verdi-tu.de\/wordpress\/personalratswahlen2020\/die-ver-di-liste\/\" target=\"_blank\" rel=\"noopener noreferrer\">Die ver.di-Liste<\/a><\/td>\n<\/tr>\n<\/tbody>\n<\/table>\n","protected":false},"excerpt":{"rendered":"<p>Die Digitalisierung unserer Arbeitspl\u00e4tze schreitet voran. Wir m\u00fcssen mitmachen und ihre Chancen f\u00fcr uns nutzen. Dabei ist es uns besonders&#8230;<\/p>\n","protected":false},"author":6,"featured_media":0,"parent":1336,"menu_order":0,"comment_status":"closed","ping_status":"closed","template":"page-full.php","meta":{"footnotes":""},"class_list":["post-1381","page","type-page","status-publish","hentry"],"_links":{"self":[{"href":"https:\/\/www.verdi-tu.de\/wordpress\/wp-json\/wp\/v2\/pages\/1381","targetHints":{"allow":["GET"]}}],"collection":[{"href":"https:\/\/www.verdi-tu.de\/wordpress\/wp-json\/wp\/v2\/pages"}],"about":[{"href":"https:\/\/www.verdi-tu.de\/wordpress\/wp-json\/wp\/v2\/types\/page"}],"author":[{"embeddable":true,"href":"https:\/\/www.verdi-tu.de\/wordpress\/wp-json\/wp\/v2\/users\/6"}],"replies":[{"embeddable":true,"href":"https:\/\/www.verdi-tu.de\/wordpress\/wp-json\/wp\/v2\/comments?post=1381"}],"version-history":[{"count":33,"href":"https:\/\/www.verdi-tu.de\/wordpress\/wp-json\/wp\/v2\/pages\/1381\/revisions"}],"predecessor-version":[{"id":2932,"href":"https:\/\/www.verdi-tu.de\/wordpress\/wp-json\/wp\/v2\/pages\/1381\/revisions\/2932"}],"up":[{"embeddable":true,"href":"https:\/\/www.verdi-tu.de\/wordpress\/wp-json\/wp\/v2\/pages\/1336"}],"wp:attachment":[{"href":"https:\/\/www.verdi-tu.de\/wordpress\/wp-json\/wp\/v2\/media?parent=1381"}],"curies":[{"name":"wp","href":"https:\/\/api.w.org\/{rel}","templated":true}]}}